{"id":2587,"date":"2023-10-14T12:16:22","date_gmt":"2023-10-14T05:16:22","guid":{"rendered":"https:\/\/seji.com.vn\/?post_type=product&#038;p=2587"},"modified":"2023-10-14T12:16:28","modified_gmt":"2023-10-14T05:16:28","slug":"dich-vu-j-i-t","status":"publish","type":"product","link":"https:\/\/seji.com.vn\/en\/product\/dich-vu-j-i-t\/","title":{"rendered":"JIT . Service"},"content":{"rendered":"","protected":false},"excerpt":{"rendered":"<p>C\u00f4ng ty TNHH Seji chuy\u00ean cung c\u1ea5p d\u1ecbch v\u1ee5 J.I.T cho c\u00e1c doanh nghi\u1ec7p \u1edf khu c\u00f4ng nghi\u1ec7p, khu ch\u1ebf xu\u1ea5t, nh\u1eb1m gi\u00fap doanh nghi\u1ec7p gi\u1ea3m thi\u1ec3u t\u1ed3n kho, lo\u1ea1i b\u1ecf l\u00e3ng ph\u00ed, l\u00e0m cho h\u1ec7 th\u1ed1ng s\u1ea3n xu\u1ea5t linh ho\u1ea1t<\/p>","protected":false},"featured_media":2299,"comment_status":"open","ping_status":"closed","template":"","meta":[],"product_cat":[45,47],"product_tag":[],"class_list":["post-2587","product","type-product","status-publish","has-post-thumbnail","hentry","product_cat-dich-vu","product_cat-dich-vu-jit"],"yoast_head":"<!-- This site is optimized with the Yoast SEO Premium plugin v19.2 (Yoast SEO v20.8) - https:\/\/yoast.com\/wordpress\/plugins\/seo\/ -->\n<title>D\u1ecbch v\u1ee5 J.I.T - Seji<\/title>\n<meta name=\"robots\" content=\"index, follow, max-snippet:-1, max-image-preview:large, max-video-preview:-1\" \/>\n<link rel=\"canonical\" href=\"https:\/\/seji.com.vn\/en\/product\/dich-vu-j-i-t\/\" \/>\n<meta property=\"og:locale\" content=\"en_US\" \/>\n<meta property=\"og:type\" content=\"article\" \/>\n<meta property=\"og:title\" content=\"D\u1ecbch v\u1ee5 J.I.T\" \/>\n<meta property=\"og:description\" content=\"C\u00f4ng ty TNHH Seji chuy\u00ean cung c\u1ea5p d\u1ecbch v\u1ee5 J.I.T cho c\u00e1c doanh nghi\u1ec7p \u1edf khu c\u00f4ng nghi\u1ec7p, khu ch\u1ebf xu\u1ea5t, nh\u1eb1m gi\u00fap doanh nghi\u1ec7p gi\u1ea3m thi\u1ec3u t\u1ed3n kho, lo\u1ea1i b\u1ecf l\u00e3ng ph\u00ed, l\u00e0m cho h\u1ec7 th\u1ed1ng s\u1ea3n xu\u1ea5t linh ho\u1ea1t\" \/>\n<meta property=\"og:url\" content=\"https:\/\/seji.com.vn\/en\/product\/dich-vu-j-i-t\/\" \/>\n<meta property=\"og:site_name\" content=\"Seji\" \/>\n<meta property=\"article:modified_time\" content=\"2023-10-14T05:16:28+00:00\" \/>\n<meta property=\"og:image\" content=\"https:\/\/seji.com.vn\/wp-content\/uploads\/2023\/09\/So-do-JIT-1.jpg\" \/>\n\t<meta property=\"og:image:width\" content=\"600\" \/>\n\t<meta property=\"og:image:height\" content=\"431\" \/>\n\t<meta property=\"og:image:type\" content=\"image\/jpeg\" \/>\n<meta name=\"twitter:card\" content=\"summary_large_image\" \/>\n<script type=\"application\/ld+json\" class=\"yoast-schema-graph\">{\"@context\":\"https:\/\/schema.org\",\"@graph\":[{\"@type\":\"WebPage\",\"@id\":\"https:\/\/seji.com.vn\/san-pham\/dich-vu-j-i-t\/\",\"url\":\"https:\/\/seji.com.vn\/san-pham\/dich-vu-j-i-t\/\",\"name\":\"D\u1ecbch v\u1ee5 J.I.T - Seji\",\"isPartOf\":{\"@id\":\"https:\/\/seji.com.vn\/#website\"},\"datePublished\":\"2023-10-14T05:16:22+00:00\",\"dateModified\":\"2023-10-14T05:16:28+00:00\",\"breadcrumb\":{\"@id\":\"https:\/\/seji.com.vn\/san-pham\/dich-vu-j-i-t\/#breadcrumb\"},\"inLanguage\":\"en-US\",\"potentialAction\":[{\"@type\":\"ReadAction\",\"target\":[\"https:\/\/seji.com.vn\/san-pham\/dich-vu-j-i-t\/\"]}]},{\"@type\":\"BreadcrumbList\",\"@id\":\"https:\/\/seji.com.vn\/san-pham\/dich-vu-j-i-t\/#breadcrumb\",\"itemListElement\":[{\"@type\":\"ListItem\",\"position\":1,\"name\":\"Trang ch\u1ee7\",\"item\":\"https:\/\/seji.com.vn\/\"},{\"@type\":\"ListItem\",\"position\":2,\"name\":\"S\u1ea3n ph\u1ea9m\",\"item\":\"https:\/\/seji.com.vn\/san-pham\/\"},{\"@type\":\"ListItem\",\"position\":3,\"name\":\"D\u1ecbch v\u1ee5 J.I.T\"}]},{\"@type\":\"WebSite\",\"@id\":\"https:\/\/seji.com.vn\/#website\",\"url\":\"https:\/\/seji.com.vn\/\",\"name\":\"Seji\",\"description\":\"\",\"potentialAction\":[{\"@type\":\"SearchAction\",\"target\":{\"@type\":\"EntryPoint\",\"urlTemplate\":\"https:\/\/seji.com.vn\/?s={search_term_string}\"},\"query-input\":\"required name=search_term_string\"}],\"inLanguage\":\"en-US\"}]}<\/script>\n<!-- \/ Yoast SEO Premium plugin. -->","yoast_head_json":{"title":"D\u1ecbch v\u1ee5 J.I.T - Seji","robots":{"index":"index","follow":"follow","max-snippet":"max-snippet:-1","max-image-preview":"max-image-preview:large","max-video-preview":"max-video-preview:-1"},"canonical":"https:\/\/seji.com.vn\/en\/product\/dich-vu-j-i-t\/","og_locale":"en_US","og_type":"article","og_title":"D\u1ecbch v\u1ee5 J.I.T","og_description":"C\u00f4ng ty TNHH Seji chuy\u00ean cung c\u1ea5p d\u1ecbch v\u1ee5 J.I.T cho c\u00e1c doanh nghi\u1ec7p \u1edf khu c\u00f4ng nghi\u1ec7p, khu ch\u1ebf xu\u1ea5t, nh\u1eb1m gi\u00fap doanh nghi\u1ec7p gi\u1ea3m thi\u1ec3u t\u1ed3n kho, lo\u1ea1i b\u1ecf l\u00e3ng ph\u00ed, l\u00e0m cho h\u1ec7 th\u1ed1ng s\u1ea3n xu\u1ea5t linh ho\u1ea1t","og_url":"https:\/\/seji.com.vn\/en\/product\/dich-vu-j-i-t\/","og_site_name":"Seji","article_modified_time":"2023-10-14T05:16:28+00:00","og_image":[{"width":600,"height":431,"url":"https:\/\/seji.com.vn\/wp-content\/uploads\/2023\/09\/So-do-JIT-1.jpg","type":"image\/jpeg"}],"twitter_card":"summary_large_image","schema":{"@context":"https:\/\/schema.org","@graph":[{"@type":"WebPage","@id":"https:\/\/seji.com.vn\/san-pham\/dich-vu-j-i-t\/","url":"https:\/\/seji.com.vn\/san-pham\/dich-vu-j-i-t\/","name":"D\u1ecbch v\u1ee5 J.I.T - Seji","isPartOf":{"@id":"https:\/\/seji.com.vn\/#website"},"datePublished":"2023-10-14T05:16:22+00:00","dateModified":"2023-10-14T05:16:28+00:00","breadcrumb":{"@id":"https:\/\/seji.com.vn\/san-pham\/dich-vu-j-i-t\/#breadcrumb"},"inLanguage":"en-US","potentialAction":[{"@type":"ReadAction","target":["https:\/\/seji.com.vn\/san-pham\/dich-vu-j-i-t\/"]}]},{"@type":"BreadcrumbList","@id":"https:\/\/seji.com.vn\/san-pham\/dich-vu-j-i-t\/#breadcrumb","itemListElement":[{"@type":"ListItem","position":1,"name":"Trang ch\u1ee7","item":"https:\/\/seji.com.vn\/"},{"@type":"ListItem","position":2,"name":"S\u1ea3n ph\u1ea9m","item":"https:\/\/seji.com.vn\/san-pham\/"},{"@type":"ListItem","position":3,"name":"D\u1ecbch v\u1ee5 J.I.T"}]},{"@type":"WebSite","@id":"https:\/\/seji.com.vn\/#website","url":"https:\/\/seji.com.vn\/","name":"Seji","description":"","potentialAction":[{"@type":"SearchAction","target":{"@type":"EntryPoint","urlTemplate":"https:\/\/seji.com.vn\/?s={search_term_string}"},"query-input":"required name=search_term_string"}],"inLanguage":"en-US"}]}},"_links":{"self":[{"href":"https:\/\/seji.com.vn\/en\/wp-json\/wp\/v2\/product\/2587","targetHints":{"allow":["GET"]}}],"collection":[{"href":"https:\/\/seji.com.vn\/en\/wp-json\/wp\/v2\/product"}],"about":[{"href":"https:\/\/seji.com.vn\/en\/wp-json\/wp\/v2\/types\/product"}],"replies":[{"embeddable":true,"href":"https:\/\/seji.com.vn\/en\/wp-json\/wp\/v2\/comments?post=2587"}],"wp:featuredmedia":[{"embeddable":true,"href":"https:\/\/seji.com.vn\/en\/wp-json\/wp\/v2\/media\/2299"}],"wp:attachment":[{"href":"https:\/\/seji.com.vn\/en\/wp-json\/wp\/v2\/media?parent=2587"}],"wp:term":[{"taxonomy":"product_cat","embeddable":true,"href":"https:\/\/seji.com.vn\/en\/wp-json\/wp\/v2\/product_cat?post=2587"},{"taxonomy":"product_tag","embeddable":true,"href":"https:\/\/seji.com.vn\/en\/wp-json\/wp\/v2\/product_tag?post=2587"}],"curies":[{"name":"wp","href":"https:\/\/api.w.org\/{rel}","templated":true}]}}