{"id":2576,"date":"2023-10-14T12:05:30","date_gmt":"2023-10-14T05:05:30","guid":{"rendered":"https:\/\/seji.com.vn\/?post_type=product&#038;p=2576"},"modified":"2023-10-16T17:03:17","modified_gmt":"2023-10-16T10:03:17","slug":"tui-ni-long-than-thien-moi-truong-chong-tinh-dien","status":"publish","type":"product","link":"https:\/\/seji.com.vn\/en\/product\/tui-ni-long-than-thien-moi-truong-chong-tinh-dien\/","title":{"rendered":"Environmentally friendly anti-static nylon bags"},"content":{"rendered":"","protected":false},"excerpt":{"rendered":"<p>We specialize in providing industrial plastic packaging products such as: LDPE, HDPE, PP, PE packaging in sheets, rolls, unlined and folded bags, etc. with biodegradable and environmentally friendly materials, diverse in size from small to large, thin to thick.<\/p>\n<p>Currently, we have been providing products for industrial zones including non-static or anti-static, in addition to providing bags that meet vacuum conditions (if any).<\/p>\n<p>Always listen, advise and coordinate with customers to create packaging products that best suit customer requirements and costs.<\/p>","protected":false},"featured_media":2580,"comment_status":"open","ping_status":"closed","template":"","meta":[],"product_cat":[28,44,32],"product_tag":[],"class_list":["post-2576","product","type-product","status-publish","has-post-thumbnail","hentry","product_cat-bao-bi-dong-goi","product_cat-thuong-mai","product_cat-thung-carton"],"yoast_head":"<!-- This site is optimized with the Yoast SEO Premium plugin v19.2 (Yoast SEO v20.8) - https:\/\/yoast.com\/wordpress\/plugins\/seo\/ -->\n<title>T\u00fai ni l\u00f4ng th\u00e2n thi\u1ec7n m\u00f4i tr\u01b0\u1eddng ch\u1ed1ng t\u0129nh \u0111i\u1ec7n - Seji<\/title>\n<meta name=\"robots\" content=\"index, follow, max-snippet:-1, max-image-preview:large, max-video-preview:-1\" \/>\n<link rel=\"canonical\" href=\"https:\/\/seji.com.vn\/en\/product\/tui-ni-long-than-thien-moi-truong-chong-tinh-dien\/\" \/>\n<meta property=\"og:locale\" content=\"en_US\" \/>\n<meta property=\"og:type\" content=\"article\" \/>\n<meta property=\"og:title\" content=\"T\u00fai ni l\u00f4ng th\u00e2n thi\u1ec7n m\u00f4i tr\u01b0\u1eddng ch\u1ed1ng t\u0129nh \u0111i\u1ec7n\" \/>\n<meta property=\"og:description\" content=\"Ch\u00fang t\u00f4i chuy\u00ean cung c\u1ea5p c\u00e1c s\u1ea3n ph\u1ea9m bao b\u00ec nh\u1ef1a c\u00f4ng nghi\u1ec7p nh\u01b0: bao b\u00ec LDPE, HDPE, PP, PE v\u1edbi d\u1ea1ng t\u1ea5m, d\u1ea1ng cu\u1ed9n, d\u1ea1ng t\u00fai kh\u00f4ng x\u1ebfp h\u00f4ng v\u00e0 c\u00f3 x\u1ebfp h\u00f4ng,.... v\u1edbi nguy\u00ean v\u1eadt li\u1ec7u ph\u00e2n h\u1ee7y sinh h\u1ecdc v\u00e0 th\u00e2n thi\u1ec7n m\u00f4i tr\u01b0\u1eddng, \u0111a d\u1ea1ng v\u1ec1 k\u00edch th\u01b0\u1edbc t\u1eeb nh\u1ecf \u0111\u1ebfn l\u1edbn, m\u1ecfng \u0111\u1ebfn d\u00e0y.  Hi\u1ec7n t\u1ea1i ch\u00fang t\u00f4i \u0111\u00e3 v\u00e0 \u0111ang cung c\u1ea5p s\u1ea3n ph\u1ea9m cho c\u00e1c khu c\u00f4ng nghi\u1ec7p bao g\u1ed3m kh\u00f4ng t\u0129nh \u0111i\u1ec7n ho\u1eb7c c\u00f3 ch\u1ed1ng t\u0129nh \u0111i\u1ec7n, ngo\u00e0i ra c\u00f2n cung c\u1ea5p t\u00fai \u0111\u00e1p \u1ee9ng \u0111i\u1ec1u ki\u1ec7n h\u00fat ch\u00e2n kh\u00f4ng (n\u1ebfu c\u00f3).  Lu\u00f4n l\u1eafng nghe, t\u01b0 v\u1ea5n v\u00e0 ph\u1ed1i h\u1ee3p v\u1edbi kh\u00e1ch \u0111\u1ec3 t\u1ea1o ra s\u1ea3n ph\u1ea9m bao b\u00ec ph\u00f9 h\u1ee3p nh\u1ea5t v\u1edbi y\u00eau c\u1ea7u v\u00e0 chi ph\u00ed c\u1ee7a kh\u00e1ch h\u00e0ng.\" \/>\n<meta property=\"og:url\" content=\"https:\/\/seji.com.vn\/en\/product\/tui-ni-long-than-thien-moi-truong-chong-tinh-dien\/\" \/>\n<meta property=\"og:site_name\" content=\"Seji\" \/>\n<meta property=\"article:modified_time\" content=\"2023-10-16T10:03:17+00:00\" \/>\n<meta property=\"og:image\" content=\"https:\/\/seji.com.vn\/wp-content\/uploads\/2023\/10\/tui-pe-la-gi.jpg\" \/>\n\t<meta property=\"og:image:width\" content=\"600\" \/>\n\t<meta property=\"og:image:height\" content=\"400\" \/>\n\t<meta property=\"og:image:type\" content=\"image\/jpeg\" \/>\n<meta name=\"twitter:card\" content=\"summary_large_image\" \/>\n<script type=\"application\/ld+json\" class=\"yoast-schema-graph\">{\"@context\":\"https:\/\/schema.org\",\"@graph\":[{\"@type\":\"WebPage\",\"@id\":\"https:\/\/seji.com.vn\/san-pham\/tui-ni-long-than-thien-moi-truong-chong-tinh-dien\/\",\"url\":\"https:\/\/seji.com.vn\/san-pham\/tui-ni-long-than-thien-moi-truong-chong-tinh-dien\/\",\"name\":\"T\u00fai ni l\u00f4ng th\u00e2n thi\u1ec7n m\u00f4i tr\u01b0\u1eddng ch\u1ed1ng t\u0129nh \u0111i\u1ec7n - Seji\",\"isPartOf\":{\"@id\":\"https:\/\/seji.com.vn\/#website\"},\"datePublished\":\"2023-10-14T05:05:30+00:00\",\"dateModified\":\"2023-10-16T10:03:17+00:00\",\"breadcrumb\":{\"@id\":\"https:\/\/seji.com.vn\/san-pham\/tui-ni-long-than-thien-moi-truong-chong-tinh-dien\/#breadcrumb\"},\"inLanguage\":\"en-US\",\"potentialAction\":[{\"@type\":\"ReadAction\",\"target\":[\"https:\/\/seji.com.vn\/san-pham\/tui-ni-long-than-thien-moi-truong-chong-tinh-dien\/\"]}]},{\"@type\":\"BreadcrumbList\",\"@id\":\"https:\/\/seji.com.vn\/san-pham\/tui-ni-long-than-thien-moi-truong-chong-tinh-dien\/#breadcrumb\",\"itemListElement\":[{\"@type\":\"ListItem\",\"position\":1,\"name\":\"Trang ch\u1ee7\",\"item\":\"https:\/\/seji.com.vn\/\"},{\"@type\":\"ListItem\",\"position\":2,\"name\":\"S\u1ea3n ph\u1ea9m\",\"item\":\"https:\/\/seji.com.vn\/san-pham\/\"},{\"@type\":\"ListItem\",\"position\":3,\"name\":\"T\u00fai ni l\u00f4ng th\u00e2n thi\u1ec7n m\u00f4i tr\u01b0\u1eddng ch\u1ed1ng t\u0129nh \u0111i\u1ec7n\"}]},{\"@type\":\"WebSite\",\"@id\":\"https:\/\/seji.com.vn\/#website\",\"url\":\"https:\/\/seji.com.vn\/\",\"name\":\"Seji\",\"description\":\"\",\"potentialAction\":[{\"@type\":\"SearchAction\",\"target\":{\"@type\":\"EntryPoint\",\"urlTemplate\":\"https:\/\/seji.com.vn\/?s={search_term_string}\"},\"query-input\":\"required name=search_term_string\"}],\"inLanguage\":\"en-US\"}]}<\/script>\n<!-- \/ Yoast SEO Premium plugin. -->","yoast_head_json":{"title":"T\u00fai ni l\u00f4ng th\u00e2n thi\u1ec7n m\u00f4i tr\u01b0\u1eddng ch\u1ed1ng t\u0129nh \u0111i\u1ec7n - Seji","robots":{"index":"index","follow":"follow","max-snippet":"max-snippet:-1","max-image-preview":"max-image-preview:large","max-video-preview":"max-video-preview:-1"},"canonical":"https:\/\/seji.com.vn\/en\/product\/tui-ni-long-than-thien-moi-truong-chong-tinh-dien\/","og_locale":"en_US","og_type":"article","og_title":"T\u00fai ni l\u00f4ng th\u00e2n thi\u1ec7n m\u00f4i tr\u01b0\u1eddng ch\u1ed1ng t\u0129nh \u0111i\u1ec7n","og_description":"Ch\u00fang t\u00f4i chuy\u00ean cung c\u1ea5p c\u00e1c s\u1ea3n ph\u1ea9m bao b\u00ec nh\u1ef1a c\u00f4ng nghi\u1ec7p nh\u01b0: bao b\u00ec LDPE, HDPE, PP, PE v\u1edbi d\u1ea1ng t\u1ea5m, d\u1ea1ng cu\u1ed9n, d\u1ea1ng t\u00fai kh\u00f4ng x\u1ebfp h\u00f4ng v\u00e0 c\u00f3 x\u1ebfp h\u00f4ng,.... v\u1edbi nguy\u00ean v\u1eadt li\u1ec7u ph\u00e2n h\u1ee7y sinh h\u1ecdc v\u00e0 th\u00e2n thi\u1ec7n m\u00f4i tr\u01b0\u1eddng, \u0111a d\u1ea1ng v\u1ec1 k\u00edch th\u01b0\u1edbc t\u1eeb nh\u1ecf \u0111\u1ebfn l\u1edbn, m\u1ecfng \u0111\u1ebfn d\u00e0y.  Hi\u1ec7n t\u1ea1i ch\u00fang t\u00f4i \u0111\u00e3 v\u00e0 \u0111ang cung c\u1ea5p s\u1ea3n ph\u1ea9m cho c\u00e1c khu c\u00f4ng nghi\u1ec7p bao g\u1ed3m kh\u00f4ng t\u0129nh \u0111i\u1ec7n ho\u1eb7c c\u00f3 ch\u1ed1ng t\u0129nh \u0111i\u1ec7n, ngo\u00e0i ra c\u00f2n cung c\u1ea5p t\u00fai \u0111\u00e1p \u1ee9ng \u0111i\u1ec1u ki\u1ec7n h\u00fat ch\u00e2n kh\u00f4ng (n\u1ebfu c\u00f3).  Lu\u00f4n l\u1eafng nghe, t\u01b0 v\u1ea5n v\u00e0 ph\u1ed1i h\u1ee3p v\u1edbi kh\u00e1ch \u0111\u1ec3 t\u1ea1o ra s\u1ea3n ph\u1ea9m bao b\u00ec ph\u00f9 h\u1ee3p nh\u1ea5t v\u1edbi y\u00eau c\u1ea7u v\u00e0 chi ph\u00ed c\u1ee7a kh\u00e1ch h\u00e0ng.","og_url":"https:\/\/seji.com.vn\/en\/product\/tui-ni-long-than-thien-moi-truong-chong-tinh-dien\/","og_site_name":"Seji","article_modified_time":"2023-10-16T10:03:17+00:00","og_image":[{"width":600,"height":400,"url":"https:\/\/seji.com.vn\/wp-content\/uploads\/2023\/10\/tui-pe-la-gi.jpg","type":"image\/jpeg"}],"twitter_card":"summary_large_image","schema":{"@context":"https:\/\/schema.org","@graph":[{"@type":"WebPage","@id":"https:\/\/seji.com.vn\/san-pham\/tui-ni-long-than-thien-moi-truong-chong-tinh-dien\/","url":"https:\/\/seji.com.vn\/san-pham\/tui-ni-long-than-thien-moi-truong-chong-tinh-dien\/","name":"T\u00fai ni l\u00f4ng th\u00e2n thi\u1ec7n m\u00f4i tr\u01b0\u1eddng ch\u1ed1ng t\u0129nh \u0111i\u1ec7n - Seji","isPartOf":{"@id":"https:\/\/seji.com.vn\/#website"},"datePublished":"2023-10-14T05:05:30+00:00","dateModified":"2023-10-16T10:03:17+00:00","breadcrumb":{"@id":"https:\/\/seji.com.vn\/san-pham\/tui-ni-long-than-thien-moi-truong-chong-tinh-dien\/#breadcrumb"},"inLanguage":"en-US","potentialAction":[{"@type":"ReadAction","target":["https:\/\/seji.com.vn\/san-pham\/tui-ni-long-than-thien-moi-truong-chong-tinh-dien\/"]}]},{"@type":"BreadcrumbList","@id":"https:\/\/seji.com.vn\/san-pham\/tui-ni-long-than-thien-moi-truong-chong-tinh-dien\/#breadcrumb","itemListElement":[{"@type":"ListItem","position":1,"name":"Trang ch\u1ee7","item":"https:\/\/seji.com.vn\/"},{"@type":"ListItem","position":2,"name":"S\u1ea3n ph\u1ea9m","item":"https:\/\/seji.com.vn\/san-pham\/"},{"@type":"ListItem","position":3,"name":"T\u00fai ni l\u00f4ng th\u00e2n thi\u1ec7n m\u00f4i tr\u01b0\u1eddng ch\u1ed1ng t\u0129nh \u0111i\u1ec7n"}]},{"@type":"WebSite","@id":"https:\/\/seji.com.vn\/#website","url":"https:\/\/seji.com.vn\/","name":"Seji","description":"","potentialAction":[{"@type":"SearchAction","target":{"@type":"EntryPoint","urlTemplate":"https:\/\/seji.com.vn\/?s={search_term_string}"},"query-input":"required name=search_term_string"}],"inLanguage":"en-US"}]}},"_links":{"self":[{"href":"https:\/\/seji.com.vn\/en\/wp-json\/wp\/v2\/product\/2576","targetHints":{"allow":["GET"]}}],"collection":[{"href":"https:\/\/seji.com.vn\/en\/wp-json\/wp\/v2\/product"}],"about":[{"href":"https:\/\/seji.com.vn\/en\/wp-json\/wp\/v2\/types\/product"}],"replies":[{"embeddable":true,"href":"https:\/\/seji.com.vn\/en\/wp-json\/wp\/v2\/comments?post=2576"}],"wp:featuredmedia":[{"embeddable":true,"href":"https:\/\/seji.com.vn\/en\/wp-json\/wp\/v2\/media\/2580"}],"wp:attachment":[{"href":"https:\/\/seji.com.vn\/en\/wp-json\/wp\/v2\/media?parent=2576"}],"wp:term":[{"taxonomy":"product_cat","embeddable":true,"href":"https:\/\/seji.com.vn\/en\/wp-json\/wp\/v2\/product_cat?post=2576"},{"taxonomy":"product_tag","embeddable":true,"href":"https:\/\/seji.com.vn\/en\/wp-json\/wp\/v2\/product_tag?post=2576"}],"curies":[{"name":"wp","href":"https:\/\/api.w.org\/{rel}","templated":true}]}}