{"id":2560,"date":"2023-10-14T11:43:01","date_gmt":"2023-10-14T04:43:01","guid":{"rendered":"https:\/\/seji.com.vn\/?post_type=product&#038;p=2560"},"modified":"2023-10-14T11:51:47","modified_gmt":"2023-10-14T04:51:47","slug":"thung-nhua-nhieu-mau","status":"publish","type":"product","link":"https:\/\/seji.com.vn\/en\/product\/thung-nhua-nhieu-mau\/","title":{"rendered":"Multi-color plastic box"},"content":{"rendered":"","protected":false},"excerpt":{"rendered":"<p>Our company specializes in providing solid plastic containers, empty plastic containers and folding plastic containers in a variety of sizes and colors according to customer requirements at reasonable prices.<\/p>\n<p>Materials: PP plastic<\/p>\n<p>Size: according to customer's request, drawing<\/p>","protected":false},"featured_media":2569,"comment_status":"open","ping_status":"closed","template":"","meta":[],"product_cat":[51,44],"product_tag":[],"class_list":["post-2560","product","type-product","status-publish","has-post-thumbnail","hentry","product_cat-thung-nhua-nhieu-mau","product_cat-thuong-mai"],"yoast_head":"<!-- This site is optimized with the Yoast SEO Premium plugin v19.2 (Yoast SEO v20.8) - https:\/\/yoast.com\/wordpress\/plugins\/seo\/ -->\n<title>Th\u00f9ng nh\u1ef1a nhi\u1ec1u m\u00e0u - Seji<\/title>\n<meta name=\"robots\" content=\"index, follow, max-snippet:-1, max-image-preview:large, max-video-preview:-1\" \/>\n<link rel=\"canonical\" href=\"https:\/\/seji.com.vn\/en\/product\/thung-nhua-nhieu-mau\/\" \/>\n<meta property=\"og:locale\" content=\"en_US\" \/>\n<meta property=\"og:type\" content=\"article\" \/>\n<meta property=\"og:title\" content=\"Th\u00f9ng nh\u1ef1a nhi\u1ec1u m\u00e0u\" \/>\n<meta property=\"og:description\" content=\"C\u00f4ng ty ch\u00fang t\u00f4i chuy\u00ean cung c\u1ea5p th\u00f9ng nh\u1ef1a \u0111\u1eb7c, th\u00f9ng nh\u1ef1a r\u1ed7ng v\u00e0 th\u00f9ng nh\u1ef1a g\u1ea5p \u0111a d\u1ea1ng k\u00edch th\u01b0\u1edbc v\u00e0 m\u00e0u s\u1eafc theo y\u00eau c\u1ea7u c\u1ee7a kh\u00e1ch h\u00e0ng v\u1edbi gi\u00e1 c\u1ea3 h\u1ee3p l\u00fd  V\u1eadt li\u1ec7u: nh\u1ef1a PP  K\u00edch th\u01b0\u1edbc: theo y\u00eau c\u1ea7u, b\u1ea3n v\u1ebd c\u1ee7a kh\u00e1ch h\u00e0ng\" \/>\n<meta property=\"og:url\" content=\"https:\/\/seji.com.vn\/en\/product\/thung-nhua-nhieu-mau\/\" \/>\n<meta property=\"og:site_name\" content=\"Seji\" \/>\n<meta property=\"article:modified_time\" content=\"2023-10-14T04:51:47+00:00\" \/>\n<meta property=\"og:image\" content=\"https:\/\/seji.com.vn\/wp-content\/uploads\/2023\/10\/2cb6881fb83ee615e50ab8e6f0eb00c2.jpg\" \/>\n\t<meta property=\"og:image:width\" content=\"741\" \/>\n\t<meta property=\"og:image:height\" content=\"741\" \/>\n\t<meta property=\"og:image:type\" content=\"image\/jpeg\" \/>\n<meta name=\"twitter:card\" content=\"summary_large_image\" \/>\n<script type=\"application\/ld+json\" class=\"yoast-schema-graph\">{\"@context\":\"https:\/\/schema.org\",\"@graph\":[{\"@type\":\"WebPage\",\"@id\":\"https:\/\/seji.com.vn\/san-pham\/thung-nhua-nhieu-mau\/\",\"url\":\"https:\/\/seji.com.vn\/san-pham\/thung-nhua-nhieu-mau\/\",\"name\":\"Th\u00f9ng nh\u1ef1a nhi\u1ec1u m\u00e0u - Seji\",\"isPartOf\":{\"@id\":\"https:\/\/seji.com.vn\/#website\"},\"datePublished\":\"2023-10-14T04:43:01+00:00\",\"dateModified\":\"2023-10-14T04:51:47+00:00\",\"breadcrumb\":{\"@id\":\"https:\/\/seji.com.vn\/san-pham\/thung-nhua-nhieu-mau\/#breadcrumb\"},\"inLanguage\":\"en-US\",\"potentialAction\":[{\"@type\":\"ReadAction\",\"target\":[\"https:\/\/seji.com.vn\/san-pham\/thung-nhua-nhieu-mau\/\"]}]},{\"@type\":\"BreadcrumbList\",\"@id\":\"https:\/\/seji.com.vn\/san-pham\/thung-nhua-nhieu-mau\/#breadcrumb\",\"itemListElement\":[{\"@type\":\"ListItem\",\"position\":1,\"name\":\"Trang ch\u1ee7\",\"item\":\"https:\/\/seji.com.vn\/\"},{\"@type\":\"ListItem\",\"position\":2,\"name\":\"S\u1ea3n ph\u1ea9m\",\"item\":\"https:\/\/seji.com.vn\/san-pham\/\"},{\"@type\":\"ListItem\",\"position\":3,\"name\":\"Th\u00f9ng nh\u1ef1a nhi\u1ec1u m\u00e0u\"}]},{\"@type\":\"WebSite\",\"@id\":\"https:\/\/seji.com.vn\/#website\",\"url\":\"https:\/\/seji.com.vn\/\",\"name\":\"Seji\",\"description\":\"\",\"potentialAction\":[{\"@type\":\"SearchAction\",\"target\":{\"@type\":\"EntryPoint\",\"urlTemplate\":\"https:\/\/seji.com.vn\/?s={search_term_string}\"},\"query-input\":\"required name=search_term_string\"}],\"inLanguage\":\"en-US\"}]}<\/script>\n<!-- \/ Yoast SEO Premium plugin. -->","yoast_head_json":{"title":"Th\u00f9ng nh\u1ef1a nhi\u1ec1u m\u00e0u - Seji","robots":{"index":"index","follow":"follow","max-snippet":"max-snippet:-1","max-image-preview":"max-image-preview:large","max-video-preview":"max-video-preview:-1"},"canonical":"https:\/\/seji.com.vn\/en\/product\/thung-nhua-nhieu-mau\/","og_locale":"en_US","og_type":"article","og_title":"Th\u00f9ng nh\u1ef1a nhi\u1ec1u m\u00e0u","og_description":"C\u00f4ng ty ch\u00fang t\u00f4i chuy\u00ean cung c\u1ea5p th\u00f9ng nh\u1ef1a \u0111\u1eb7c, th\u00f9ng nh\u1ef1a r\u1ed7ng v\u00e0 th\u00f9ng nh\u1ef1a g\u1ea5p \u0111a d\u1ea1ng k\u00edch th\u01b0\u1edbc v\u00e0 m\u00e0u s\u1eafc theo y\u00eau c\u1ea7u c\u1ee7a kh\u00e1ch h\u00e0ng v\u1edbi gi\u00e1 c\u1ea3 h\u1ee3p l\u00fd  V\u1eadt li\u1ec7u: nh\u1ef1a PP  K\u00edch th\u01b0\u1edbc: theo y\u00eau c\u1ea7u, b\u1ea3n v\u1ebd c\u1ee7a kh\u00e1ch h\u00e0ng","og_url":"https:\/\/seji.com.vn\/en\/product\/thung-nhua-nhieu-mau\/","og_site_name":"Seji","article_modified_time":"2023-10-14T04:51:47+00:00","og_image":[{"width":741,"height":741,"url":"https:\/\/seji.com.vn\/wp-content\/uploads\/2023\/10\/2cb6881fb83ee615e50ab8e6f0eb00c2.jpg","type":"image\/jpeg"}],"twitter_card":"summary_large_image","schema":{"@context":"https:\/\/schema.org","@graph":[{"@type":"WebPage","@id":"https:\/\/seji.com.vn\/san-pham\/thung-nhua-nhieu-mau\/","url":"https:\/\/seji.com.vn\/san-pham\/thung-nhua-nhieu-mau\/","name":"Th\u00f9ng nh\u1ef1a nhi\u1ec1u m\u00e0u - Seji","isPartOf":{"@id":"https:\/\/seji.com.vn\/#website"},"datePublished":"2023-10-14T04:43:01+00:00","dateModified":"2023-10-14T04:51:47+00:00","breadcrumb":{"@id":"https:\/\/seji.com.vn\/san-pham\/thung-nhua-nhieu-mau\/#breadcrumb"},"inLanguage":"en-US","potentialAction":[{"@type":"ReadAction","target":["https:\/\/seji.com.vn\/san-pham\/thung-nhua-nhieu-mau\/"]}]},{"@type":"BreadcrumbList","@id":"https:\/\/seji.com.vn\/san-pham\/thung-nhua-nhieu-mau\/#breadcrumb","itemListElement":[{"@type":"ListItem","position":1,"name":"Trang ch\u1ee7","item":"https:\/\/seji.com.vn\/"},{"@type":"ListItem","position":2,"name":"S\u1ea3n ph\u1ea9m","item":"https:\/\/seji.com.vn\/san-pham\/"},{"@type":"ListItem","position":3,"name":"Th\u00f9ng nh\u1ef1a nhi\u1ec1u m\u00e0u"}]},{"@type":"WebSite","@id":"https:\/\/seji.com.vn\/#website","url":"https:\/\/seji.com.vn\/","name":"Seji","description":"","potentialAction":[{"@type":"SearchAction","target":{"@type":"EntryPoint","urlTemplate":"https:\/\/seji.com.vn\/?s={search_term_string}"},"query-input":"required name=search_term_string"}],"inLanguage":"en-US"}]}},"_links":{"self":[{"href":"https:\/\/seji.com.vn\/en\/wp-json\/wp\/v2\/product\/2560","targetHints":{"allow":["GET"]}}],"collection":[{"href":"https:\/\/seji.com.vn\/en\/wp-json\/wp\/v2\/product"}],"about":[{"href":"https:\/\/seji.com.vn\/en\/wp-json\/wp\/v2\/types\/product"}],"replies":[{"embeddable":true,"href":"https:\/\/seji.com.vn\/en\/wp-json\/wp\/v2\/comments?post=2560"}],"wp:featuredmedia":[{"embeddable":true,"href":"https:\/\/seji.com.vn\/en\/wp-json\/wp\/v2\/media\/2569"}],"wp:attachment":[{"href":"https:\/\/seji.com.vn\/en\/wp-json\/wp\/v2\/media?parent=2560"}],"wp:term":[{"taxonomy":"product_cat","embeddable":true,"href":"https:\/\/seji.com.vn\/en\/wp-json\/wp\/v2\/product_cat?post=2560"},{"taxonomy":"product_tag","embeddable":true,"href":"https:\/\/seji.com.vn\/en\/wp-json\/wp\/v2\/product_tag?post=2560"}],"curies":[{"name":"wp","href":"https:\/\/api.w.org\/{rel}","templated":true}]}}