{"id":2504,"date":"2023-10-13T11:07:04","date_gmt":"2023-10-13T04:07:04","guid":{"rendered":"https:\/\/seji.com.vn\/?post_type=product&#038;p=2504"},"modified":"2023-10-13T16:37:52","modified_gmt":"2023-10-13T09:37:52","slug":"nhan-dan","status":"publish","type":"product","link":"https:\/\/seji.com.vn\/en\/product\/nhan-dan\/","title":{"rendered":"Label"},"content":{"rendered":"","protected":false},"excerpt":{"rendered":"<p>Our company specializes in providing labels in a variety of sizes and colors<\/p>\n<p>Some popular types of materials: paper stamps; PP stamp; PE stamp; Vinyl stamps,\u2026<\/p>\n<p>Some popular sizes: 2x2cm; 3x3cm; 4x4cm In addition, we also produce a variety of sizes according to customer requirements<\/p>","protected":false},"featured_media":2505,"comment_status":"open","ping_status":"closed","template":"","meta":[],"product_cat":[28,53,44],"product_tag":[],"class_list":["post-2504","product","type-product","status-publish","has-post-thumbnail","hentry","product_cat-bao-bi-dong-goi","product_cat-nhan-dan","product_cat-thuong-mai"],"yoast_head":"<!-- This site is optimized with the Yoast SEO Premium plugin v19.2 (Yoast SEO v20.8) - https:\/\/yoast.com\/wordpress\/plugins\/seo\/ -->\n<title>Nh\u00e3n d\u00e1n - Seji<\/title>\n<meta name=\"robots\" content=\"index, follow, max-snippet:-1, max-image-preview:large, max-video-preview:-1\" \/>\n<link rel=\"canonical\" href=\"https:\/\/seji.com.vn\/en\/product\/nhan-dan\/\" \/>\n<meta property=\"og:locale\" content=\"en_US\" \/>\n<meta property=\"og:type\" content=\"article\" \/>\n<meta property=\"og:title\" content=\"Nh\u00e3n d\u00e1n\" \/>\n<meta property=\"og:description\" content=\"C\u00f4ng ty ch\u00fang t\u00f4i chuy\u00ean cung c\u1ea5p c\u00e1c lo\u1ea1i tem nh\u00e3n \u0111a d\u1ea1ng v\u1ec1 k\u00edch th\u01b0\u1edbc v\u00e0 m\u00e0u s\u1eafc  M\u1ed9t s\u1ed1 ch\u1ee7ng lo\u1ea1i v\u1eadt li\u1ec7u ph\u1ed5 bi\u1ebfn: tem gi\u1ea5y; tem PP; tem PE; tem Vinyl,...  M\u1ed9t s\u1ed1 k\u00edch th\u01b0\u1edbc ph\u1ed5 bi\u1ebfn: 2x2cm; 3x3cm; 4x4cm ngo\u00e0i ra ch\u00fang t\u00f4i c\u00f2n s\u1ea3n xu\u1ea5t \u0111a d\u1ea1ng k\u00edch th\u01b0\u1edbc theo y\u00eau c\u1ea7u c\u1ee7a kh\u00e1ch h\u00e0ng\" \/>\n<meta property=\"og:url\" content=\"https:\/\/seji.com.vn\/en\/product\/nhan-dan\/\" \/>\n<meta property=\"og:site_name\" content=\"Seji\" \/>\n<meta property=\"article:modified_time\" content=\"2023-10-13T09:37:52+00:00\" \/>\n<meta property=\"og:image\" content=\"https:\/\/seji.com.vn\/wp-content\/uploads\/2023\/10\/cuon_day_in_tem_nhan_f_8553341a167a488b82c1399f3843ecd6_master.webp\" \/>\n\t<meta property=\"og:image:width\" content=\"749\" \/>\n\t<meta property=\"og:image:height\" content=\"767\" \/>\n\t<meta property=\"og:image:type\" content=\"image\/webp\" \/>\n<meta name=\"twitter:card\" content=\"summary_large_image\" \/>\n<script type=\"application\/ld+json\" class=\"yoast-schema-graph\">{\"@context\":\"https:\/\/schema.org\",\"@graph\":[{\"@type\":\"WebPage\",\"@id\":\"https:\/\/seji.com.vn\/san-pham\/nhan-dan\/\",\"url\":\"https:\/\/seji.com.vn\/san-pham\/nhan-dan\/\",\"name\":\"Nh\u00e3n d\u00e1n - Seji\",\"isPartOf\":{\"@id\":\"https:\/\/seji.com.vn\/#website\"},\"datePublished\":\"2023-10-13T04:07:04+00:00\",\"dateModified\":\"2023-10-13T09:37:52+00:00\",\"breadcrumb\":{\"@id\":\"https:\/\/seji.com.vn\/san-pham\/nhan-dan\/#breadcrumb\"},\"inLanguage\":\"en-US\",\"potentialAction\":[{\"@type\":\"ReadAction\",\"target\":[\"https:\/\/seji.com.vn\/san-pham\/nhan-dan\/\"]}]},{\"@type\":\"BreadcrumbList\",\"@id\":\"https:\/\/seji.com.vn\/san-pham\/nhan-dan\/#breadcrumb\",\"itemListElement\":[{\"@type\":\"ListItem\",\"position\":1,\"name\":\"Trang ch\u1ee7\",\"item\":\"https:\/\/seji.com.vn\/\"},{\"@type\":\"ListItem\",\"position\":2,\"name\":\"S\u1ea3n ph\u1ea9m\",\"item\":\"https:\/\/seji.com.vn\/san-pham\/\"},{\"@type\":\"ListItem\",\"position\":3,\"name\":\"Nh\u00e3n d\u00e1n\"}]},{\"@type\":\"WebSite\",\"@id\":\"https:\/\/seji.com.vn\/#website\",\"url\":\"https:\/\/seji.com.vn\/\",\"name\":\"Seji\",\"description\":\"\",\"potentialAction\":[{\"@type\":\"SearchAction\",\"target\":{\"@type\":\"EntryPoint\",\"urlTemplate\":\"https:\/\/seji.com.vn\/?s={search_term_string}\"},\"query-input\":\"required name=search_term_string\"}],\"inLanguage\":\"en-US\"}]}<\/script>\n<!-- \/ Yoast SEO Premium plugin. -->","yoast_head_json":{"title":"Nh\u00e3n d\u00e1n - Seji","robots":{"index":"index","follow":"follow","max-snippet":"max-snippet:-1","max-image-preview":"max-image-preview:large","max-video-preview":"max-video-preview:-1"},"canonical":"https:\/\/seji.com.vn\/en\/product\/nhan-dan\/","og_locale":"en_US","og_type":"article","og_title":"Nh\u00e3n d\u00e1n","og_description":"C\u00f4ng ty ch\u00fang t\u00f4i chuy\u00ean cung c\u1ea5p c\u00e1c lo\u1ea1i tem nh\u00e3n \u0111a d\u1ea1ng v\u1ec1 k\u00edch th\u01b0\u1edbc v\u00e0 m\u00e0u s\u1eafc  M\u1ed9t s\u1ed1 ch\u1ee7ng lo\u1ea1i v\u1eadt li\u1ec7u ph\u1ed5 bi\u1ebfn: tem gi\u1ea5y; tem PP; tem PE; tem Vinyl,...  M\u1ed9t s\u1ed1 k\u00edch th\u01b0\u1edbc ph\u1ed5 bi\u1ebfn: 2x2cm; 3x3cm; 4x4cm ngo\u00e0i ra ch\u00fang t\u00f4i c\u00f2n s\u1ea3n xu\u1ea5t \u0111a d\u1ea1ng k\u00edch th\u01b0\u1edbc theo y\u00eau c\u1ea7u c\u1ee7a kh\u00e1ch h\u00e0ng","og_url":"https:\/\/seji.com.vn\/en\/product\/nhan-dan\/","og_site_name":"Seji","article_modified_time":"2023-10-13T09:37:52+00:00","og_image":[{"width":749,"height":767,"url":"https:\/\/seji.com.vn\/wp-content\/uploads\/2023\/10\/cuon_day_in_tem_nhan_f_8553341a167a488b82c1399f3843ecd6_master.webp","type":"image\/webp"}],"twitter_card":"summary_large_image","schema":{"@context":"https:\/\/schema.org","@graph":[{"@type":"WebPage","@id":"https:\/\/seji.com.vn\/san-pham\/nhan-dan\/","url":"https:\/\/seji.com.vn\/san-pham\/nhan-dan\/","name":"Nh\u00e3n d\u00e1n - Seji","isPartOf":{"@id":"https:\/\/seji.com.vn\/#website"},"datePublished":"2023-10-13T04:07:04+00:00","dateModified":"2023-10-13T09:37:52+00:00","breadcrumb":{"@id":"https:\/\/seji.com.vn\/san-pham\/nhan-dan\/#breadcrumb"},"inLanguage":"en-US","potentialAction":[{"@type":"ReadAction","target":["https:\/\/seji.com.vn\/san-pham\/nhan-dan\/"]}]},{"@type":"BreadcrumbList","@id":"https:\/\/seji.com.vn\/san-pham\/nhan-dan\/#breadcrumb","itemListElement":[{"@type":"ListItem","position":1,"name":"Trang ch\u1ee7","item":"https:\/\/seji.com.vn\/"},{"@type":"ListItem","position":2,"name":"S\u1ea3n ph\u1ea9m","item":"https:\/\/seji.com.vn\/san-pham\/"},{"@type":"ListItem","position":3,"name":"Nh\u00e3n d\u00e1n"}]},{"@type":"WebSite","@id":"https:\/\/seji.com.vn\/#website","url":"https:\/\/seji.com.vn\/","name":"Seji","description":"","potentialAction":[{"@type":"SearchAction","target":{"@type":"EntryPoint","urlTemplate":"https:\/\/seji.com.vn\/?s={search_term_string}"},"query-input":"required name=search_term_string"}],"inLanguage":"en-US"}]}},"_links":{"self":[{"href":"https:\/\/seji.com.vn\/en\/wp-json\/wp\/v2\/product\/2504","targetHints":{"allow":["GET"]}}],"collection":[{"href":"https:\/\/seji.com.vn\/en\/wp-json\/wp\/v2\/product"}],"about":[{"href":"https:\/\/seji.com.vn\/en\/wp-json\/wp\/v2\/types\/product"}],"replies":[{"embeddable":true,"href":"https:\/\/seji.com.vn\/en\/wp-json\/wp\/v2\/comments?post=2504"}],"wp:featuredmedia":[{"embeddable":true,"href":"https:\/\/seji.com.vn\/en\/wp-json\/wp\/v2\/media\/2505"}],"wp:attachment":[{"href":"https:\/\/seji.com.vn\/en\/wp-json\/wp\/v2\/media?parent=2504"}],"wp:term":[{"taxonomy":"product_cat","embeddable":true,"href":"https:\/\/seji.com.vn\/en\/wp-json\/wp\/v2\/product_cat?post=2504"},{"taxonomy":"product_tag","embeddable":true,"href":"https:\/\/seji.com.vn\/en\/wp-json\/wp\/v2\/product_tag?post=2504"}],"curies":[{"name":"wp","href":"https:\/\/api.w.org\/{rel}","templated":true}]}}