{"id":2480,"date":"2023-10-12T16:57:08","date_gmt":"2023-10-12T09:57:08","guid":{"rendered":"https:\/\/seji.com.vn\/?post_type=product&#038;p=2480"},"modified":"2023-10-19T08:12:53","modified_gmt":"2023-10-19T01:12:53","slug":"muc-in","status":"publish","type":"product","link":"https:\/\/seji.com.vn\/en\/product\/muc-in\/","title":{"rendered":"Printing ink"},"content":{"rendered":"","protected":false},"excerpt":{"rendered":"<p>Our company specializes in providing a variety of printing inks of different types and sizes. In addition to common sizes, we also provide sizes according to customer requirements<\/p>\n<p>Common size: 40mmx300m; 70mmx300m; 110mm x 300m; 170mmx300m<b>\u00a0<\/b><\/p>\n<p>Popular types: Ribbon Wax; Wax Resin; Ribbon Resin<\/p>\n<p>&nbsp;<\/p>","protected":false},"featured_media":2484,"comment_status":"open","ping_status":"closed","template":"","meta":[],"product_cat":[28,54,44],"product_tag":[],"class_list":["post-2480","product","type-product","status-publish","has-post-thumbnail","hentry","product_cat-bao-bi-dong-goi","product_cat-muc-in","product_cat-thuong-mai"],"yoast_head":"<!-- This site is optimized with the Yoast SEO Premium plugin v19.2 (Yoast SEO v20.8) - https:\/\/yoast.com\/wordpress\/plugins\/seo\/ -->\n<title>M\u1ef1c in - Seji<\/title>\n<meta name=\"robots\" content=\"index, follow, max-snippet:-1, max-image-preview:large, max-video-preview:-1\" \/>\n<link rel=\"canonical\" href=\"https:\/\/seji.com.vn\/en\/product\/muc-in\/\" \/>\n<meta property=\"og:locale\" content=\"en_US\" \/>\n<meta property=\"og:type\" content=\"article\" \/>\n<meta property=\"og:title\" content=\"M\u1ef1c in\" \/>\n<meta property=\"og:description\" content=\"C\u00f4ng ty ch\u00fang t\u00f4i chuy\u00ean cung c\u1ea5p nhi\u1ec1u lo\u1ea1i m\u1ef1c in \u0111a d\u1ea1ng ch\u1ee7ng lo\u1ea1i v\u00e0 k\u00edch th\u01b0\u1edbc kh\u00e1c nhau. Ngo\u00e0i nh\u1eefng k\u00edch th\u01b0\u1edbc th\u00f4ng d\u1ee5ng, ch\u00fang t\u00f4i c\u00f2n cung c\u1ea5p k\u00edch th\u01b0\u1edbc theo y\u00eau c\u1ea7u c\u1ee7a kh\u00e1ch h\u00e0ng  K\u00edch th\u01b0\u1edbc th\u00f4ng d\u1ee5ng: 40mmx300m; 70mmx300m; 110mm x 300m; 170mmx300m\u00a0  Ch\u1ee7ng lo\u1ea1i th\u00f4ng d\u1ee5ng: Ribbon Wax; Wax Resin; Ribbon Resin  &nbsp;\" \/>\n<meta property=\"og:url\" content=\"https:\/\/seji.com.vn\/en\/product\/muc-in\/\" \/>\n<meta property=\"og:site_name\" content=\"Seji\" \/>\n<meta property=\"article:modified_time\" content=\"2023-10-19T01:12:53+00:00\" \/>\n<meta property=\"og:image\" content=\"https:\/\/seji.com.vn\/wp-content\/uploads\/2023\/10\/20230202_I6Xk7an0GsSu2e4N.png\" \/>\n\t<meta property=\"og:image:width\" content=\"800\" \/>\n\t<meta property=\"og:image:height\" content=\"800\" \/>\n\t<meta property=\"og:image:type\" content=\"image\/png\" \/>\n<meta name=\"twitter:card\" content=\"summary_large_image\" \/>\n<script type=\"application\/ld+json\" class=\"yoast-schema-graph\">{\"@context\":\"https:\/\/schema.org\",\"@graph\":[{\"@type\":\"WebPage\",\"@id\":\"https:\/\/seji.com.vn\/san-pham\/muc-in\/\",\"url\":\"https:\/\/seji.com.vn\/san-pham\/muc-in\/\",\"name\":\"M\u1ef1c in - Seji\",\"isPartOf\":{\"@id\":\"https:\/\/seji.com.vn\/#website\"},\"datePublished\":\"2023-10-12T09:57:08+00:00\",\"dateModified\":\"2023-10-19T01:12:53+00:00\",\"breadcrumb\":{\"@id\":\"https:\/\/seji.com.vn\/san-pham\/muc-in\/#breadcrumb\"},\"inLanguage\":\"en-US\",\"potentialAction\":[{\"@type\":\"ReadAction\",\"target\":[\"https:\/\/seji.com.vn\/san-pham\/muc-in\/\"]}]},{\"@type\":\"BreadcrumbList\",\"@id\":\"https:\/\/seji.com.vn\/san-pham\/muc-in\/#breadcrumb\",\"itemListElement\":[{\"@type\":\"ListItem\",\"position\":1,\"name\":\"Trang ch\u1ee7\",\"item\":\"https:\/\/seji.com.vn\/\"},{\"@type\":\"ListItem\",\"position\":2,\"name\":\"S\u1ea3n ph\u1ea9m\",\"item\":\"https:\/\/seji.com.vn\/san-pham\/\"},{\"@type\":\"ListItem\",\"position\":3,\"name\":\"M\u1ef1c in\"}]},{\"@type\":\"WebSite\",\"@id\":\"https:\/\/seji.com.vn\/#website\",\"url\":\"https:\/\/seji.com.vn\/\",\"name\":\"Seji\",\"description\":\"\",\"potentialAction\":[{\"@type\":\"SearchAction\",\"target\":{\"@type\":\"EntryPoint\",\"urlTemplate\":\"https:\/\/seji.com.vn\/?s={search_term_string}\"},\"query-input\":\"required name=search_term_string\"}],\"inLanguage\":\"en-US\"}]}<\/script>\n<!-- \/ Yoast SEO Premium plugin. -->","yoast_head_json":{"title":"M\u1ef1c in - Seji","robots":{"index":"index","follow":"follow","max-snippet":"max-snippet:-1","max-image-preview":"max-image-preview:large","max-video-preview":"max-video-preview:-1"},"canonical":"https:\/\/seji.com.vn\/en\/product\/muc-in\/","og_locale":"en_US","og_type":"article","og_title":"M\u1ef1c in","og_description":"C\u00f4ng ty ch\u00fang t\u00f4i chuy\u00ean cung c\u1ea5p nhi\u1ec1u lo\u1ea1i m\u1ef1c in \u0111a d\u1ea1ng ch\u1ee7ng lo\u1ea1i v\u00e0 k\u00edch th\u01b0\u1edbc kh\u00e1c nhau. Ngo\u00e0i nh\u1eefng k\u00edch th\u01b0\u1edbc th\u00f4ng d\u1ee5ng, ch\u00fang t\u00f4i c\u00f2n cung c\u1ea5p k\u00edch th\u01b0\u1edbc theo y\u00eau c\u1ea7u c\u1ee7a kh\u00e1ch h\u00e0ng  K\u00edch th\u01b0\u1edbc th\u00f4ng d\u1ee5ng: 40mmx300m; 70mmx300m; 110mm x 300m; 170mmx300m\u00a0  Ch\u1ee7ng lo\u1ea1i th\u00f4ng d\u1ee5ng: Ribbon Wax; Wax Resin; Ribbon Resin  &nbsp;","og_url":"https:\/\/seji.com.vn\/en\/product\/muc-in\/","og_site_name":"Seji","article_modified_time":"2023-10-19T01:12:53+00:00","og_image":[{"width":800,"height":800,"url":"https:\/\/seji.com.vn\/wp-content\/uploads\/2023\/10\/20230202_I6Xk7an0GsSu2e4N.png","type":"image\/png"}],"twitter_card":"summary_large_image","schema":{"@context":"https:\/\/schema.org","@graph":[{"@type":"WebPage","@id":"https:\/\/seji.com.vn\/san-pham\/muc-in\/","url":"https:\/\/seji.com.vn\/san-pham\/muc-in\/","name":"M\u1ef1c in - Seji","isPartOf":{"@id":"https:\/\/seji.com.vn\/#website"},"datePublished":"2023-10-12T09:57:08+00:00","dateModified":"2023-10-19T01:12:53+00:00","breadcrumb":{"@id":"https:\/\/seji.com.vn\/san-pham\/muc-in\/#breadcrumb"},"inLanguage":"en-US","potentialAction":[{"@type":"ReadAction","target":["https:\/\/seji.com.vn\/san-pham\/muc-in\/"]}]},{"@type":"BreadcrumbList","@id":"https:\/\/seji.com.vn\/san-pham\/muc-in\/#breadcrumb","itemListElement":[{"@type":"ListItem","position":1,"name":"Trang ch\u1ee7","item":"https:\/\/seji.com.vn\/"},{"@type":"ListItem","position":2,"name":"S\u1ea3n ph\u1ea9m","item":"https:\/\/seji.com.vn\/san-pham\/"},{"@type":"ListItem","position":3,"name":"M\u1ef1c in"}]},{"@type":"WebSite","@id":"https:\/\/seji.com.vn\/#website","url":"https:\/\/seji.com.vn\/","name":"Seji","description":"","potentialAction":[{"@type":"SearchAction","target":{"@type":"EntryPoint","urlTemplate":"https:\/\/seji.com.vn\/?s={search_term_string}"},"query-input":"required name=search_term_string"}],"inLanguage":"en-US"}]}},"_links":{"self":[{"href":"https:\/\/seji.com.vn\/en\/wp-json\/wp\/v2\/product\/2480","targetHints":{"allow":["GET"]}}],"collection":[{"href":"https:\/\/seji.com.vn\/en\/wp-json\/wp\/v2\/product"}],"about":[{"href":"https:\/\/seji.com.vn\/en\/wp-json\/wp\/v2\/types\/product"}],"replies":[{"embeddable":true,"href":"https:\/\/seji.com.vn\/en\/wp-json\/wp\/v2\/comments?post=2480"}],"wp:featuredmedia":[{"embeddable":true,"href":"https:\/\/seji.com.vn\/en\/wp-json\/wp\/v2\/media\/2484"}],"wp:attachment":[{"href":"https:\/\/seji.com.vn\/en\/wp-json\/wp\/v2\/media?parent=2480"}],"wp:term":[{"taxonomy":"product_cat","embeddable":true,"href":"https:\/\/seji.com.vn\/en\/wp-json\/wp\/v2\/product_cat?post=2480"},{"taxonomy":"product_tag","embeddable":true,"href":"https:\/\/seji.com.vn\/en\/wp-json\/wp\/v2\/product_tag?post=2480"}],"curies":[{"name":"wp","href":"https:\/\/api.w.org\/{rel}","templated":true}]}}