{"id":2457,"date":"2023-10-12T15:57:42","date_gmt":"2023-10-12T08:57:42","guid":{"rendered":"https:\/\/seji.com.vn\/?post_type=product&#038;p=2457"},"modified":"2023-10-16T16:32:00","modified_gmt":"2023-10-16T09:32:00","slug":"khay-xop-pe-dinh-hinh","status":"publish","type":"product","link":"https:\/\/seji.com.vn\/en\/product\/khay-xop-pe-dinh-hinh\/","title":{"rendered":"PE foam tray"},"content":{"rendered":"","protected":false},"excerpt":{"rendered":"<p>Currently PE foam is widely used on the market, it can be in many other shapes such as: PE foam bags, PE foam films, PE foam trays or impact resistant like PE foam bars,... flexible in thickness. suitable to meet the needs of customers.<\/p>\n<p>We have 2 types of non-static and anti-static materials. EPE (Expanded Polythene Foam) is also a PE film but has a lower density than PE (Polythene Foam). EPE is often used to make sheets, boxes or insulation materials. heat.<\/p>","protected":false},"featured_media":2463,"comment_status":"open","ping_status":"closed","template":"","meta":[],"product_cat":[28,55,44],"product_tag":[],"class_list":["post-2457","product","type-product","status-publish","has-post-thumbnail","hentry","product_cat-bao-bi-dong-goi","product_cat-khay-xop","product_cat-thuong-mai"],"yoast_head":"<!-- This site is optimized with the Yoast SEO Premium plugin v19.2 (Yoast SEO v20.8) - https:\/\/yoast.com\/wordpress\/plugins\/seo\/ -->\n<title>Khay x\u1ed1p PE - Seji<\/title>\n<meta name=\"robots\" content=\"index, follow, max-snippet:-1, max-image-preview:large, max-video-preview:-1\" \/>\n<link rel=\"canonical\" href=\"https:\/\/seji.com.vn\/en\/product\/khay-xop-pe-dinh-hinh\/\" \/>\n<meta property=\"og:locale\" content=\"en_US\" \/>\n<meta property=\"og:type\" content=\"article\" \/>\n<meta property=\"og:title\" content=\"Khay x\u1ed1p PE\" \/>\n<meta property=\"og:description\" content=\"Hi\u1ec7n nay x\u1ed1p PE \u0111\u01b0\u1ee3c s\u1eed d\u1ee5ng r\u1ea5t r\u1ed9ng r\u00e3i tr\u00ean th\u1ecb tr\u01b0\u1eddng, n\u00f3 c\u00f3 th\u1ec3 \u1edf nhi\u1ec1u h\u00ecnh d\u00e1ng kh\u00e1c nh\u01b0 : t\u00fai x\u1ed1p PE, m\u00e0ng x\u1ed1p PE, khay x\u1ed1p PE ho\u1eb7c ch\u1ed1ng va \u0111\u1eadp nh\u01b0 thanh x\u1ed1p PE,... linh ho\u1ea1t v\u1ec1 \u0111\u1ed9 d\u00e0y ph\u00f9 h\u1ee3p \u0111\u1ec3 \u0111\u00e1p \u1ee9ng nhu c\u1ea7u th\u1ecb y\u1ebfu c\u1ee7a kh\u00e1ch h\u00e0ng.  Ch\u00fang t\u00f4i c\u00f3 2 lo\u1ea1i NVL Kh\u00f4ng t\u0129nh \u0111i\u1ec7n v\u00e0 C\u00f3 ch\u1ed1ng t\u0129nh \u0111i\u1ec7n, v\u1ec1 EPE (Expanded Polythene Foam) c\u0169ng l\u00e0 m\u00e0ng PE nh\u01b0ng c\u00f3 t\u1ef7 tr\u1ecdng th\u1ea5p h\u01a1n PE (Polythene Foam), EPE th\u01b0\u1eddng \u0111\u01b0\u1ee3c d\u00f9ng l\u00e0m t\u1ea5m, h\u1ed9p ho\u1eb7c v\u1eadt li\u1ec7u c\u00e1ch nhi\u1ec7t.\" \/>\n<meta property=\"og:url\" content=\"https:\/\/seji.com.vn\/en\/product\/khay-xop-pe-dinh-hinh\/\" \/>\n<meta property=\"og:site_name\" content=\"Seji\" \/>\n<meta property=\"article:modified_time\" content=\"2023-10-16T09:32:00+00:00\" \/>\n<meta property=\"og:image\" content=\"https:\/\/seji.com.vn\/wp-content\/uploads\/2023\/10\/EPE_Foam_2-removebg-preview.png\" \/>\n\t<meta property=\"og:image:width\" content=\"500\" \/>\n\t<meta property=\"og:image:height\" content=\"500\" \/>\n\t<meta property=\"og:image:type\" content=\"image\/png\" \/>\n<meta name=\"twitter:card\" content=\"summary_large_image\" \/>\n<script type=\"application\/ld+json\" class=\"yoast-schema-graph\">{\"@context\":\"https:\/\/schema.org\",\"@graph\":[{\"@type\":\"WebPage\",\"@id\":\"https:\/\/seji.com.vn\/san-pham\/khay-xop-pe-dinh-hinh\/\",\"url\":\"https:\/\/seji.com.vn\/san-pham\/khay-xop-pe-dinh-hinh\/\",\"name\":\"Khay x\u1ed1p PE - Seji\",\"isPartOf\":{\"@id\":\"https:\/\/seji.com.vn\/#website\"},\"datePublished\":\"2023-10-12T08:57:42+00:00\",\"dateModified\":\"2023-10-16T09:32:00+00:00\",\"breadcrumb\":{\"@id\":\"https:\/\/seji.com.vn\/san-pham\/khay-xop-pe-dinh-hinh\/#breadcrumb\"},\"inLanguage\":\"en-US\",\"potentialAction\":[{\"@type\":\"ReadAction\",\"target\":[\"https:\/\/seji.com.vn\/san-pham\/khay-xop-pe-dinh-hinh\/\"]}]},{\"@type\":\"BreadcrumbList\",\"@id\":\"https:\/\/seji.com.vn\/san-pham\/khay-xop-pe-dinh-hinh\/#breadcrumb\",\"itemListElement\":[{\"@type\":\"ListItem\",\"position\":1,\"name\":\"Trang ch\u1ee7\",\"item\":\"https:\/\/seji.com.vn\/\"},{\"@type\":\"ListItem\",\"position\":2,\"name\":\"S\u1ea3n ph\u1ea9m\",\"item\":\"https:\/\/seji.com.vn\/san-pham\/\"},{\"@type\":\"ListItem\",\"position\":3,\"name\":\"Khay x\u1ed1p PE\"}]},{\"@type\":\"WebSite\",\"@id\":\"https:\/\/seji.com.vn\/#website\",\"url\":\"https:\/\/seji.com.vn\/\",\"name\":\"Seji\",\"description\":\"\",\"potentialAction\":[{\"@type\":\"SearchAction\",\"target\":{\"@type\":\"EntryPoint\",\"urlTemplate\":\"https:\/\/seji.com.vn\/?s={search_term_string}\"},\"query-input\":\"required name=search_term_string\"}],\"inLanguage\":\"en-US\"}]}<\/script>\n<!-- \/ Yoast SEO Premium plugin. -->","yoast_head_json":{"title":"Khay x\u1ed1p PE - Seji","robots":{"index":"index","follow":"follow","max-snippet":"max-snippet:-1","max-image-preview":"max-image-preview:large","max-video-preview":"max-video-preview:-1"},"canonical":"https:\/\/seji.com.vn\/en\/product\/khay-xop-pe-dinh-hinh\/","og_locale":"en_US","og_type":"article","og_title":"Khay x\u1ed1p PE","og_description":"Hi\u1ec7n nay x\u1ed1p PE \u0111\u01b0\u1ee3c s\u1eed d\u1ee5ng r\u1ea5t r\u1ed9ng r\u00e3i tr\u00ean th\u1ecb tr\u01b0\u1eddng, n\u00f3 c\u00f3 th\u1ec3 \u1edf nhi\u1ec1u h\u00ecnh d\u00e1ng kh\u00e1c nh\u01b0 : t\u00fai x\u1ed1p PE, m\u00e0ng x\u1ed1p PE, khay x\u1ed1p PE ho\u1eb7c ch\u1ed1ng va \u0111\u1eadp nh\u01b0 thanh x\u1ed1p PE,... linh ho\u1ea1t v\u1ec1 \u0111\u1ed9 d\u00e0y ph\u00f9 h\u1ee3p \u0111\u1ec3 \u0111\u00e1p \u1ee9ng nhu c\u1ea7u th\u1ecb y\u1ebfu c\u1ee7a kh\u00e1ch h\u00e0ng.  Ch\u00fang t\u00f4i c\u00f3 2 lo\u1ea1i NVL Kh\u00f4ng t\u0129nh \u0111i\u1ec7n v\u00e0 C\u00f3 ch\u1ed1ng t\u0129nh \u0111i\u1ec7n, v\u1ec1 EPE (Expanded Polythene Foam) c\u0169ng l\u00e0 m\u00e0ng PE nh\u01b0ng c\u00f3 t\u1ef7 tr\u1ecdng th\u1ea5p h\u01a1n PE (Polythene Foam), EPE th\u01b0\u1eddng \u0111\u01b0\u1ee3c d\u00f9ng l\u00e0m t\u1ea5m, h\u1ed9p ho\u1eb7c v\u1eadt li\u1ec7u c\u00e1ch nhi\u1ec7t.","og_url":"https:\/\/seji.com.vn\/en\/product\/khay-xop-pe-dinh-hinh\/","og_site_name":"Seji","article_modified_time":"2023-10-16T09:32:00+00:00","og_image":[{"width":500,"height":500,"url":"https:\/\/seji.com.vn\/wp-content\/uploads\/2023\/10\/EPE_Foam_2-removebg-preview.png","type":"image\/png"}],"twitter_card":"summary_large_image","schema":{"@context":"https:\/\/schema.org","@graph":[{"@type":"WebPage","@id":"https:\/\/seji.com.vn\/san-pham\/khay-xop-pe-dinh-hinh\/","url":"https:\/\/seji.com.vn\/san-pham\/khay-xop-pe-dinh-hinh\/","name":"Khay x\u1ed1p PE - Seji","isPartOf":{"@id":"https:\/\/seji.com.vn\/#website"},"datePublished":"2023-10-12T08:57:42+00:00","dateModified":"2023-10-16T09:32:00+00:00","breadcrumb":{"@id":"https:\/\/seji.com.vn\/san-pham\/khay-xop-pe-dinh-hinh\/#breadcrumb"},"inLanguage":"en-US","potentialAction":[{"@type":"ReadAction","target":["https:\/\/seji.com.vn\/san-pham\/khay-xop-pe-dinh-hinh\/"]}]},{"@type":"BreadcrumbList","@id":"https:\/\/seji.com.vn\/san-pham\/khay-xop-pe-dinh-hinh\/#breadcrumb","itemListElement":[{"@type":"ListItem","position":1,"name":"Trang ch\u1ee7","item":"https:\/\/seji.com.vn\/"},{"@type":"ListItem","position":2,"name":"S\u1ea3n ph\u1ea9m","item":"https:\/\/seji.com.vn\/san-pham\/"},{"@type":"ListItem","position":3,"name":"Khay x\u1ed1p PE"}]},{"@type":"WebSite","@id":"https:\/\/seji.com.vn\/#website","url":"https:\/\/seji.com.vn\/","name":"Seji","description":"","potentialAction":[{"@type":"SearchAction","target":{"@type":"EntryPoint","urlTemplate":"https:\/\/seji.com.vn\/?s={search_term_string}"},"query-input":"required name=search_term_string"}],"inLanguage":"en-US"}]}},"_links":{"self":[{"href":"https:\/\/seji.com.vn\/en\/wp-json\/wp\/v2\/product\/2457","targetHints":{"allow":["GET"]}}],"collection":[{"href":"https:\/\/seji.com.vn\/en\/wp-json\/wp\/v2\/product"}],"about":[{"href":"https:\/\/seji.com.vn\/en\/wp-json\/wp\/v2\/types\/product"}],"replies":[{"embeddable":true,"href":"https:\/\/seji.com.vn\/en\/wp-json\/wp\/v2\/comments?post=2457"}],"wp:featuredmedia":[{"embeddable":true,"href":"https:\/\/seji.com.vn\/en\/wp-json\/wp\/v2\/media\/2463"}],"wp:attachment":[{"href":"https:\/\/seji.com.vn\/en\/wp-json\/wp\/v2\/media?parent=2457"}],"wp:term":[{"taxonomy":"product_cat","embeddable":true,"href":"https:\/\/seji.com.vn\/en\/wp-json\/wp\/v2\/product_cat?post=2457"},{"taxonomy":"product_tag","embeddable":true,"href":"https:\/\/seji.com.vn\/en\/wp-json\/wp\/v2\/product_tag?post=2457"}],"curies":[{"name":"wp","href":"https:\/\/api.w.org\/{rel}","templated":true}]}}