{"id":2414,"date":"2023-10-12T13:39:46","date_gmt":"2023-10-12T06:39:46","guid":{"rendered":"https:\/\/seji.com.vn\/?post_type=product&#038;p=2414"},"modified":"2023-10-12T13:43:43","modified_gmt":"2023-10-12T06:43:43","slug":"day-dai","status":"publish","type":"product","link":"https:\/\/seji.com.vn\/en\/product\/day-dai\/","title":{"rendered":"PP Straps"},"content":{"rendered":"<p>C\u00f4ng ty TNHH Seji chuy\u00ean cung c\u1ea5p d\u00e2y \u0111ai PP v\u1edbi nhi\u1ec1u k\u00edch th\u01b0\u1edbc kh\u00e1c nhau v\u00e0 ph\u00f9 h\u1ee3p v\u1edbi ti\u00eau ch\u00ed c\u1ee7a nhi\u1ec1u\u00a0 kh\u00e1ch h\u00e0ng<\/p>","protected":false},"excerpt":{"rendered":"<p>C\u00f4ng ty TNHH Seji chuy\u00ean cung c\u1ea5p d\u00e2y \u0111ai PP v\u1edbi nhi\u1ec1u k\u00edch th\u01b0\u1edbc kh\u00e1c nhau v\u00e0 ph\u00f9 h\u1ee3p v\u1edbi ti\u00eau ch\u00ed c\u1ee7a nhi\u1ec1u\u00a0 kh\u00e1ch h\u00e0ng<\/p>","protected":false},"featured_media":2417,"comment_status":"open","ping_status":"closed","template":"","meta":[],"product_cat":[28,57,44],"product_tag":[],"class_list":["post-2414","product","type-product","status-publish","has-post-thumbnail","hentry","product_cat-bao-bi-dong-goi","product_cat-day-dai","product_cat-thuong-mai"],"yoast_head":"<!-- This site is optimized with the Yoast SEO Premium plugin v19.2 (Yoast SEO v20.8) - https:\/\/yoast.com\/wordpress\/plugins\/seo\/ -->\n<title>D\u00e2y \u0111ai PP - Seji<\/title>\n<meta name=\"robots\" content=\"index, follow, max-snippet:-1, max-image-preview:large, max-video-preview:-1\" \/>\n<link rel=\"canonical\" href=\"https:\/\/seji.com.vn\/en\/product\/day-dai\/\" \/>\n<meta property=\"og:locale\" content=\"en_US\" \/>\n<meta property=\"og:type\" content=\"article\" \/>\n<meta property=\"og:title\" content=\"D\u00e2y \u0111ai PP\" \/>\n<meta property=\"og:description\" content=\"C\u00f4ng ty TNHH Seji chuy\u00ean cung c\u1ea5p d\u00e2y \u0111ai PP v\u1edbi nhi\u1ec1u k\u00edch th\u01b0\u1edbc kh\u00e1c nhau v\u00e0 ph\u00f9 h\u1ee3p v\u1edbi ti\u00eau ch\u00ed c\u1ee7a nhi\u1ec1u\u00a0 kh\u00e1ch h\u00e0ng\" \/>\n<meta property=\"og:url\" content=\"https:\/\/seji.com.vn\/en\/product\/day-dai\/\" \/>\n<meta property=\"og:site_name\" content=\"Seji\" \/>\n<meta property=\"article:modified_time\" content=\"2023-10-12T06:43:43+00:00\" \/>\n<meta property=\"og:image\" content=\"https:\/\/seji.com.vn\/wp-content\/uploads\/2023\/10\/soi-day-dai-buoc-hang.jpg\" \/>\n\t<meta property=\"og:image:width\" content=\"800\" \/>\n\t<meta property=\"og:image:height\" content=\"800\" \/>\n\t<meta property=\"og:image:type\" content=\"image\/jpeg\" \/>\n<meta name=\"twitter:card\" content=\"summary_large_image\" \/>\n<meta name=\"twitter:label1\" content=\"Est. reading time\" \/>\n\t<meta name=\"twitter:data1\" content=\"1 minute\" \/>\n<script type=\"application\/ld+json\" class=\"yoast-schema-graph\">{\"@context\":\"https:\/\/schema.org\",\"@graph\":[{\"@type\":\"WebPage\",\"@id\":\"https:\/\/seji.com.vn\/san-pham\/day-dai\/\",\"url\":\"https:\/\/seji.com.vn\/san-pham\/day-dai\/\",\"name\":\"D\u00e2y \u0111ai PP - Seji\",\"isPartOf\":{\"@id\":\"https:\/\/seji.com.vn\/#website\"},\"datePublished\":\"2023-10-12T06:39:46+00:00\",\"dateModified\":\"2023-10-12T06:43:43+00:00\",\"breadcrumb\":{\"@id\":\"https:\/\/seji.com.vn\/san-pham\/day-dai\/#breadcrumb\"},\"inLanguage\":\"en-US\",\"potentialAction\":[{\"@type\":\"ReadAction\",\"target\":[\"https:\/\/seji.com.vn\/san-pham\/day-dai\/\"]}]},{\"@type\":\"BreadcrumbList\",\"@id\":\"https:\/\/seji.com.vn\/san-pham\/day-dai\/#breadcrumb\",\"itemListElement\":[{\"@type\":\"ListItem\",\"position\":1,\"name\":\"Trang ch\u1ee7\",\"item\":\"https:\/\/seji.com.vn\/\"},{\"@type\":\"ListItem\",\"position\":2,\"name\":\"S\u1ea3n ph\u1ea9m\",\"item\":\"https:\/\/seji.com.vn\/san-pham\/\"},{\"@type\":\"ListItem\",\"position\":3,\"name\":\"D\u00e2y \u0111ai PP\"}]},{\"@type\":\"WebSite\",\"@id\":\"https:\/\/seji.com.vn\/#website\",\"url\":\"https:\/\/seji.com.vn\/\",\"name\":\"Seji\",\"description\":\"\",\"potentialAction\":[{\"@type\":\"SearchAction\",\"target\":{\"@type\":\"EntryPoint\",\"urlTemplate\":\"https:\/\/seji.com.vn\/?s={search_term_string}\"},\"query-input\":\"required name=search_term_string\"}],\"inLanguage\":\"en-US\"}]}<\/script>\n<!-- \/ Yoast SEO Premium plugin. -->","yoast_head_json":{"title":"D\u00e2y \u0111ai PP - Seji","robots":{"index":"index","follow":"follow","max-snippet":"max-snippet:-1","max-image-preview":"max-image-preview:large","max-video-preview":"max-video-preview:-1"},"canonical":"https:\/\/seji.com.vn\/en\/product\/day-dai\/","og_locale":"en_US","og_type":"article","og_title":"D\u00e2y \u0111ai PP","og_description":"C\u00f4ng ty TNHH Seji chuy\u00ean cung c\u1ea5p d\u00e2y \u0111ai PP v\u1edbi nhi\u1ec1u k\u00edch th\u01b0\u1edbc kh\u00e1c nhau v\u00e0 ph\u00f9 h\u1ee3p v\u1edbi ti\u00eau ch\u00ed c\u1ee7a nhi\u1ec1u\u00a0 kh\u00e1ch h\u00e0ng","og_url":"https:\/\/seji.com.vn\/en\/product\/day-dai\/","og_site_name":"Seji","article_modified_time":"2023-10-12T06:43:43+00:00","og_image":[{"width":800,"height":800,"url":"https:\/\/seji.com.vn\/wp-content\/uploads\/2023\/10\/soi-day-dai-buoc-hang.jpg","type":"image\/jpeg"}],"twitter_card":"summary_large_image","twitter_misc":{"Est. reading time":"1 minute"},"schema":{"@context":"https:\/\/schema.org","@graph":[{"@type":"WebPage","@id":"https:\/\/seji.com.vn\/san-pham\/day-dai\/","url":"https:\/\/seji.com.vn\/san-pham\/day-dai\/","name":"D\u00e2y \u0111ai PP - Seji","isPartOf":{"@id":"https:\/\/seji.com.vn\/#website"},"datePublished":"2023-10-12T06:39:46+00:00","dateModified":"2023-10-12T06:43:43+00:00","breadcrumb":{"@id":"https:\/\/seji.com.vn\/san-pham\/day-dai\/#breadcrumb"},"inLanguage":"en-US","potentialAction":[{"@type":"ReadAction","target":["https:\/\/seji.com.vn\/san-pham\/day-dai\/"]}]},{"@type":"BreadcrumbList","@id":"https:\/\/seji.com.vn\/san-pham\/day-dai\/#breadcrumb","itemListElement":[{"@type":"ListItem","position":1,"name":"Trang ch\u1ee7","item":"https:\/\/seji.com.vn\/"},{"@type":"ListItem","position":2,"name":"S\u1ea3n ph\u1ea9m","item":"https:\/\/seji.com.vn\/san-pham\/"},{"@type":"ListItem","position":3,"name":"D\u00e2y \u0111ai PP"}]},{"@type":"WebSite","@id":"https:\/\/seji.com.vn\/#website","url":"https:\/\/seji.com.vn\/","name":"Seji","description":"","potentialAction":[{"@type":"SearchAction","target":{"@type":"EntryPoint","urlTemplate":"https:\/\/seji.com.vn\/?s={search_term_string}"},"query-input":"required name=search_term_string"}],"inLanguage":"en-US"}]}},"_links":{"self":[{"href":"https:\/\/seji.com.vn\/en\/wp-json\/wp\/v2\/product\/2414","targetHints":{"allow":["GET"]}}],"collection":[{"href":"https:\/\/seji.com.vn\/en\/wp-json\/wp\/v2\/product"}],"about":[{"href":"https:\/\/seji.com.vn\/en\/wp-json\/wp\/v2\/types\/product"}],"replies":[{"embeddable":true,"href":"https:\/\/seji.com.vn\/en\/wp-json\/wp\/v2\/comments?post=2414"}],"wp:featuredmedia":[{"embeddable":true,"href":"https:\/\/seji.com.vn\/en\/wp-json\/wp\/v2\/media\/2417"}],"wp:attachment":[{"href":"https:\/\/seji.com.vn\/en\/wp-json\/wp\/v2\/media?parent=2414"}],"wp:term":[{"taxonomy":"product_cat","embeddable":true,"href":"https:\/\/seji.com.vn\/en\/wp-json\/wp\/v2\/product_cat?post=2414"},{"taxonomy":"product_tag","embeddable":true,"href":"https:\/\/seji.com.vn\/en\/wp-json\/wp\/v2\/product_tag?post=2414"}],"curies":[{"name":"wp","href":"https:\/\/api.w.org\/{rel}","templated":true}]}}