{"id":2409,"date":"2023-10-12T13:16:30","date_gmt":"2023-10-12T06:16:30","guid":{"rendered":"https:\/\/seji.com.vn\/?post_type=product&#038;p=2409"},"modified":"2023-10-14T11:09:48","modified_gmt":"2023-10-14T04:09:48","slug":"bang-dinh-chiu-nhiet-chong-tinh-dien","status":"publish","type":"product","link":"https:\/\/seji.com.vn\/en\/product\/bang-dinh-chiu-nhiet-chong-tinh-dien\/","title":{"rendered":"Heat-resistant, anti-static adhesive tape"},"content":{"rendered":"","protected":false},"excerpt":{"rendered":"<p>Seji Co., Ltd. specializes in providing anti-static and non-anti-static thermal tapes in a variety of sizes at reasonable prices.<\/p>\n<p>Materials: PI Film and Silicone adhesive<\/p>\n<p>Size: 10mmx33m; 15mmx33m;... in addition, we also cut according to customer requirements<\/p>\n<p>&nbsp;<\/p>","protected":false},"featured_media":2411,"comment_status":"open","ping_status":"closed","template":"","meta":[],"product_cat":[34,28,44],"product_tag":[],"class_list":["post-2409","product","type-product","status-publish","has-post-thumbnail","hentry","product_cat-bang-keo","product_cat-bao-bi-dong-goi","product_cat-thuong-mai"],"yoast_head":"<!-- This site is optimized with the Yoast SEO Premium plugin v19.2 (Yoast SEO v20.8) - https:\/\/yoast.com\/wordpress\/plugins\/seo\/ -->\n<title>B\u0103ng d\u00ednh ch\u1ecbu nhi\u1ec7t ch\u1ed1ng t\u0129nh \u0111i\u1ec7n - Seji<\/title>\n<meta name=\"robots\" content=\"index, follow, max-snippet:-1, max-image-preview:large, max-video-preview:-1\" \/>\n<link rel=\"canonical\" href=\"https:\/\/seji.com.vn\/en\/product\/bang-dinh-chiu-nhiet-chong-tinh-dien\/\" \/>\n<meta property=\"og:locale\" content=\"en_US\" \/>\n<meta property=\"og:type\" content=\"article\" \/>\n<meta property=\"og:title\" content=\"B\u0103ng d\u00ednh ch\u1ecbu nhi\u1ec7t ch\u1ed1ng t\u0129nh \u0111i\u1ec7n\" \/>\n<meta property=\"og:description\" content=\"C\u00f4ng ty TNHH Seji chuy\u00ean cung c\u1ea5p c\u00e1c lo\u1ea1i b\u0103ng keo nhi\u1ec7t ch\u1ed1ng t\u0129nh \u0111i\u1ec7n v\u00e0 kh\u00f4ng ch\u1ed1ng t\u0129nh \u0111i\u1ec7n \u0111a d\u1ea1ng v\u1ec1 k\u00edch th\u01b0\u1edbc v\u1edbi gi\u00e1 c\u1ea3 h\u1ee3p l\u00fd  V\u1eadt li\u1ec7u: PI Film v\u00e0 ch\u1ea5t k\u1ebft d\u00ednh Silicone  K\u00edch th\u01b0\u1edbc: 10mmx33m; 15mmx33m;... ngo\u00e0i ra ch\u00fang t\u00f4i c\u00f2n c\u1eaft theo y\u00eau c\u1ea7u c\u1ee7a kh\u00e1ch h\u00e0ng  &nbsp;\" \/>\n<meta property=\"og:url\" content=\"https:\/\/seji.com.vn\/en\/product\/bang-dinh-chiu-nhiet-chong-tinh-dien\/\" \/>\n<meta property=\"og:site_name\" content=\"Seji\" \/>\n<meta property=\"article:modified_time\" content=\"2023-10-14T04:09:48+00:00\" \/>\n<meta property=\"og:image\" content=\"https:\/\/seji.com.vn\/wp-content\/uploads\/2023\/10\/Bang-dinh-chiu-nhiet.jpg\" \/>\n\t<meta property=\"og:image:width\" content=\"961\" \/>\n\t<meta property=\"og:image:height\" content=\"745\" \/>\n\t<meta property=\"og:image:type\" content=\"image\/jpeg\" \/>\n<meta name=\"twitter:card\" content=\"summary_large_image\" \/>\n<script type=\"application\/ld+json\" class=\"yoast-schema-graph\">{\"@context\":\"https:\/\/schema.org\",\"@graph\":[{\"@type\":\"WebPage\",\"@id\":\"https:\/\/seji.com.vn\/san-pham\/bang-dinh-chiu-nhiet-chong-tinh-dien\/\",\"url\":\"https:\/\/seji.com.vn\/san-pham\/bang-dinh-chiu-nhiet-chong-tinh-dien\/\",\"name\":\"B\u0103ng d\u00ednh ch\u1ecbu nhi\u1ec7t ch\u1ed1ng t\u0129nh \u0111i\u1ec7n - Seji\",\"isPartOf\":{\"@id\":\"https:\/\/seji.com.vn\/#website\"},\"datePublished\":\"2023-10-12T06:16:30+00:00\",\"dateModified\":\"2023-10-14T04:09:48+00:00\",\"breadcrumb\":{\"@id\":\"https:\/\/seji.com.vn\/san-pham\/bang-dinh-chiu-nhiet-chong-tinh-dien\/#breadcrumb\"},\"inLanguage\":\"en-US\",\"potentialAction\":[{\"@type\":\"ReadAction\",\"target\":[\"https:\/\/seji.com.vn\/san-pham\/bang-dinh-chiu-nhiet-chong-tinh-dien\/\"]}]},{\"@type\":\"BreadcrumbList\",\"@id\":\"https:\/\/seji.com.vn\/san-pham\/bang-dinh-chiu-nhiet-chong-tinh-dien\/#breadcrumb\",\"itemListElement\":[{\"@type\":\"ListItem\",\"position\":1,\"name\":\"Trang ch\u1ee7\",\"item\":\"https:\/\/seji.com.vn\/\"},{\"@type\":\"ListItem\",\"position\":2,\"name\":\"S\u1ea3n ph\u1ea9m\",\"item\":\"https:\/\/seji.com.vn\/san-pham\/\"},{\"@type\":\"ListItem\",\"position\":3,\"name\":\"B\u0103ng d\u00ednh ch\u1ecbu nhi\u1ec7t ch\u1ed1ng t\u0129nh \u0111i\u1ec7n\"}]},{\"@type\":\"WebSite\",\"@id\":\"https:\/\/seji.com.vn\/#website\",\"url\":\"https:\/\/seji.com.vn\/\",\"name\":\"Seji\",\"description\":\"\",\"potentialAction\":[{\"@type\":\"SearchAction\",\"target\":{\"@type\":\"EntryPoint\",\"urlTemplate\":\"https:\/\/seji.com.vn\/?s={search_term_string}\"},\"query-input\":\"required name=search_term_string\"}],\"inLanguage\":\"en-US\"}]}<\/script>\n<!-- \/ Yoast SEO Premium plugin. -->","yoast_head_json":{"title":"B\u0103ng d\u00ednh ch\u1ecbu nhi\u1ec7t ch\u1ed1ng t\u0129nh \u0111i\u1ec7n - Seji","robots":{"index":"index","follow":"follow","max-snippet":"max-snippet:-1","max-image-preview":"max-image-preview:large","max-video-preview":"max-video-preview:-1"},"canonical":"https:\/\/seji.com.vn\/en\/product\/bang-dinh-chiu-nhiet-chong-tinh-dien\/","og_locale":"en_US","og_type":"article","og_title":"B\u0103ng d\u00ednh ch\u1ecbu nhi\u1ec7t ch\u1ed1ng t\u0129nh \u0111i\u1ec7n","og_description":"C\u00f4ng ty TNHH Seji chuy\u00ean cung c\u1ea5p c\u00e1c lo\u1ea1i b\u0103ng keo nhi\u1ec7t ch\u1ed1ng t\u0129nh \u0111i\u1ec7n v\u00e0 kh\u00f4ng ch\u1ed1ng t\u0129nh \u0111i\u1ec7n \u0111a d\u1ea1ng v\u1ec1 k\u00edch th\u01b0\u1edbc v\u1edbi gi\u00e1 c\u1ea3 h\u1ee3p l\u00fd  V\u1eadt li\u1ec7u: PI Film v\u00e0 ch\u1ea5t k\u1ebft d\u00ednh Silicone  K\u00edch th\u01b0\u1edbc: 10mmx33m; 15mmx33m;... ngo\u00e0i ra ch\u00fang t\u00f4i c\u00f2n c\u1eaft theo y\u00eau c\u1ea7u c\u1ee7a kh\u00e1ch h\u00e0ng  &nbsp;","og_url":"https:\/\/seji.com.vn\/en\/product\/bang-dinh-chiu-nhiet-chong-tinh-dien\/","og_site_name":"Seji","article_modified_time":"2023-10-14T04:09:48+00:00","og_image":[{"width":961,"height":745,"url":"https:\/\/seji.com.vn\/wp-content\/uploads\/2023\/10\/Bang-dinh-chiu-nhiet.jpg","type":"image\/jpeg"}],"twitter_card":"summary_large_image","schema":{"@context":"https:\/\/schema.org","@graph":[{"@type":"WebPage","@id":"https:\/\/seji.com.vn\/san-pham\/bang-dinh-chiu-nhiet-chong-tinh-dien\/","url":"https:\/\/seji.com.vn\/san-pham\/bang-dinh-chiu-nhiet-chong-tinh-dien\/","name":"B\u0103ng d\u00ednh ch\u1ecbu nhi\u1ec7t ch\u1ed1ng t\u0129nh \u0111i\u1ec7n - Seji","isPartOf":{"@id":"https:\/\/seji.com.vn\/#website"},"datePublished":"2023-10-12T06:16:30+00:00","dateModified":"2023-10-14T04:09:48+00:00","breadcrumb":{"@id":"https:\/\/seji.com.vn\/san-pham\/bang-dinh-chiu-nhiet-chong-tinh-dien\/#breadcrumb"},"inLanguage":"en-US","potentialAction":[{"@type":"ReadAction","target":["https:\/\/seji.com.vn\/san-pham\/bang-dinh-chiu-nhiet-chong-tinh-dien\/"]}]},{"@type":"BreadcrumbList","@id":"https:\/\/seji.com.vn\/san-pham\/bang-dinh-chiu-nhiet-chong-tinh-dien\/#breadcrumb","itemListElement":[{"@type":"ListItem","position":1,"name":"Trang ch\u1ee7","item":"https:\/\/seji.com.vn\/"},{"@type":"ListItem","position":2,"name":"S\u1ea3n ph\u1ea9m","item":"https:\/\/seji.com.vn\/san-pham\/"},{"@type":"ListItem","position":3,"name":"B\u0103ng d\u00ednh ch\u1ecbu nhi\u1ec7t ch\u1ed1ng t\u0129nh \u0111i\u1ec7n"}]},{"@type":"WebSite","@id":"https:\/\/seji.com.vn\/#website","url":"https:\/\/seji.com.vn\/","name":"Seji","description":"","potentialAction":[{"@type":"SearchAction","target":{"@type":"EntryPoint","urlTemplate":"https:\/\/seji.com.vn\/?s={search_term_string}"},"query-input":"required name=search_term_string"}],"inLanguage":"en-US"}]}},"_links":{"self":[{"href":"https:\/\/seji.com.vn\/en\/wp-json\/wp\/v2\/product\/2409","targetHints":{"allow":["GET"]}}],"collection":[{"href":"https:\/\/seji.com.vn\/en\/wp-json\/wp\/v2\/product"}],"about":[{"href":"https:\/\/seji.com.vn\/en\/wp-json\/wp\/v2\/types\/product"}],"replies":[{"embeddable":true,"href":"https:\/\/seji.com.vn\/en\/wp-json\/wp\/v2\/comments?post=2409"}],"wp:featuredmedia":[{"embeddable":true,"href":"https:\/\/seji.com.vn\/en\/wp-json\/wp\/v2\/media\/2411"}],"wp:attachment":[{"href":"https:\/\/seji.com.vn\/en\/wp-json\/wp\/v2\/media?parent=2409"}],"wp:term":[{"taxonomy":"product_cat","embeddable":true,"href":"https:\/\/seji.com.vn\/en\/wp-json\/wp\/v2\/product_cat?post=2409"},{"taxonomy":"product_tag","embeddable":true,"href":"https:\/\/seji.com.vn\/en\/wp-json\/wp\/v2\/product_tag?post=2409"}],"curies":[{"name":"wp","href":"https:\/\/api.w.org\/{rel}","templated":true}]}}