{"id":2402,"date":"2023-10-12T13:06:03","date_gmt":"2023-10-12T06:06:03","guid":{"rendered":"https:\/\/seji.com.vn\/?post_type=product&#038;p=2402"},"modified":"2024-10-14T15:57:04","modified_gmt":"2024-10-14T08:57:04","slug":"bang-keo-mau","status":"publish","type":"product","link":"https:\/\/seji.com.vn\/en\/product\/bang-keo-mau\/","title":{"rendered":"Color tape"},"content":{"rendered":"<p>&nbsp;<\/p>\n<p>&nbsp;<\/p>","protected":false},"excerpt":{"rendered":"<p>Seji Co., Ltd. specializes in providing colored tape in a variety of sizes and colors. We are proud to be a supplier of tape with the best quality and competitive prices<\/p>\n<p>Material: OPP film<\/p>\n<p>Some common sizes: 2F4; 4F8; 5F; 6F; 10F,\u2026. In addition, we can also provide according to customer requirements<\/p>","protected":false},"featured_media":2407,"comment_status":"open","ping_status":"closed","template":"","meta":[],"product_cat":[34,28,44],"product_tag":[],"class_list":["post-2402","product","type-product","status-publish","has-post-thumbnail","hentry","product_cat-bang-keo","product_cat-bao-bi-dong-goi","product_cat-thuong-mai"],"yoast_head":"<!-- This site is optimized with the Yoast SEO Premium plugin v19.2 (Yoast SEO v20.8) - https:\/\/yoast.com\/wordpress\/plugins\/seo\/ -->\n<title>B\u0103ng keo m\u00e0u - Seji<\/title>\n<meta name=\"robots\" content=\"index, follow, max-snippet:-1, max-image-preview:large, max-video-preview:-1\" \/>\n<link rel=\"canonical\" href=\"https:\/\/seji.com.vn\/en\/product\/bang-keo-mau\/\" \/>\n<meta property=\"og:locale\" content=\"en_US\" \/>\n<meta property=\"og:type\" content=\"article\" \/>\n<meta property=\"og:title\" content=\"B\u0103ng keo m\u00e0u\" \/>\n<meta property=\"og:description\" content=\"C\u00f4ng ty TNHH Seji chuy\u00ean cung c\u1ea5p b\u0103ng keo m\u00e0u \u0111a d\u1ea1ng v\u1ec1 k\u00edch th\u01b0\u1edbc v\u00e0 m\u00e0u s\u1eafc. Ch\u00fang t\u00f4i t\u1ef1 h\u00e0o l\u00e0 nh\u00e0 cung c\u1ea5p b\u0103ng keo v\u1edbi ch\u1ea5t l\u01b0\u1ee3ng t\u1ed1t nh\u1ea5t v\u00e0 gi\u00e1 c\u1ea3 c\u1ea1nh tranh  Ch\u1ea5t li\u1ec7u:\u00a0 m\u00e0ng OPP  M\u1ed9t s\u1ed1 k\u00edch th\u01b0\u1edbc th\u00f4ng d\u1ee5ng: 2F4; 4F8; 5F; 6F; 10F,.... ngo\u00e0i ra ch\u00fang t\u00f4i c\u00f2n c\u00f3 th\u1ec3 cung c\u1ea5p theo y\u1ec1u c\u1ea7u c\u1ee7a kh\u00e1ch h\u00e0ng\" \/>\n<meta property=\"og:url\" content=\"https:\/\/seji.com.vn\/en\/product\/bang-keo-mau\/\" \/>\n<meta property=\"og:site_name\" content=\"Seji\" \/>\n<meta property=\"article:modified_time\" content=\"2024-10-14T08:57:04+00:00\" \/>\n<meta property=\"og:image\" content=\"https:\/\/seji.com.vn\/wp-content\/uploads\/2023\/10\/bang-keo-mau-1-min.jpg\" \/>\n\t<meta property=\"og:image:width\" content=\"600\" \/>\n\t<meta property=\"og:image:height\" content=\"401\" \/>\n\t<meta property=\"og:image:type\" content=\"image\/jpeg\" \/>\n<meta name=\"twitter:card\" content=\"summary_large_image\" \/>\n<script type=\"application\/ld+json\" class=\"yoast-schema-graph\">{\"@context\":\"https:\/\/schema.org\",\"@graph\":[{\"@type\":\"WebPage\",\"@id\":\"https:\/\/seji.com.vn\/san-pham\/bang-keo-mau\/\",\"url\":\"https:\/\/seji.com.vn\/san-pham\/bang-keo-mau\/\",\"name\":\"B\u0103ng keo m\u00e0u - Seji\",\"isPartOf\":{\"@id\":\"https:\/\/seji.com.vn\/#website\"},\"datePublished\":\"2023-10-12T06:06:03+00:00\",\"dateModified\":\"2024-10-14T08:57:04+00:00\",\"breadcrumb\":{\"@id\":\"https:\/\/seji.com.vn\/san-pham\/bang-keo-mau\/#breadcrumb\"},\"inLanguage\":\"en-US\",\"potentialAction\":[{\"@type\":\"ReadAction\",\"target\":[\"https:\/\/seji.com.vn\/san-pham\/bang-keo-mau\/\"]}]},{\"@type\":\"BreadcrumbList\",\"@id\":\"https:\/\/seji.com.vn\/san-pham\/bang-keo-mau\/#breadcrumb\",\"itemListElement\":[{\"@type\":\"ListItem\",\"position\":1,\"name\":\"Trang ch\u1ee7\",\"item\":\"https:\/\/seji.com.vn\/\"},{\"@type\":\"ListItem\",\"position\":2,\"name\":\"S\u1ea3n ph\u1ea9m\",\"item\":\"https:\/\/seji.com.vn\/san-pham\/\"},{\"@type\":\"ListItem\",\"position\":3,\"name\":\"B\u0103ng keo m\u00e0u\"}]},{\"@type\":\"WebSite\",\"@id\":\"https:\/\/seji.com.vn\/#website\",\"url\":\"https:\/\/seji.com.vn\/\",\"name\":\"Seji\",\"description\":\"\",\"potentialAction\":[{\"@type\":\"SearchAction\",\"target\":{\"@type\":\"EntryPoint\",\"urlTemplate\":\"https:\/\/seji.com.vn\/?s={search_term_string}\"},\"query-input\":\"required name=search_term_string\"}],\"inLanguage\":\"en-US\"}]}<\/script>\n<!-- \/ Yoast SEO Premium plugin. -->","yoast_head_json":{"title":"B\u0103ng keo m\u00e0u - Seji","robots":{"index":"index","follow":"follow","max-snippet":"max-snippet:-1","max-image-preview":"max-image-preview:large","max-video-preview":"max-video-preview:-1"},"canonical":"https:\/\/seji.com.vn\/en\/product\/bang-keo-mau\/","og_locale":"en_US","og_type":"article","og_title":"B\u0103ng keo m\u00e0u","og_description":"C\u00f4ng ty TNHH Seji chuy\u00ean cung c\u1ea5p b\u0103ng keo m\u00e0u \u0111a d\u1ea1ng v\u1ec1 k\u00edch th\u01b0\u1edbc v\u00e0 m\u00e0u s\u1eafc. Ch\u00fang t\u00f4i t\u1ef1 h\u00e0o l\u00e0 nh\u00e0 cung c\u1ea5p b\u0103ng keo v\u1edbi ch\u1ea5t l\u01b0\u1ee3ng t\u1ed1t nh\u1ea5t v\u00e0 gi\u00e1 c\u1ea3 c\u1ea1nh tranh  Ch\u1ea5t li\u1ec7u:\u00a0 m\u00e0ng OPP  M\u1ed9t s\u1ed1 k\u00edch th\u01b0\u1edbc th\u00f4ng d\u1ee5ng: 2F4; 4F8; 5F; 6F; 10F,.... ngo\u00e0i ra ch\u00fang t\u00f4i c\u00f2n c\u00f3 th\u1ec3 cung c\u1ea5p theo y\u1ec1u c\u1ea7u c\u1ee7a kh\u00e1ch h\u00e0ng","og_url":"https:\/\/seji.com.vn\/en\/product\/bang-keo-mau\/","og_site_name":"Seji","article_modified_time":"2024-10-14T08:57:04+00:00","og_image":[{"width":600,"height":401,"url":"https:\/\/seji.com.vn\/wp-content\/uploads\/2023\/10\/bang-keo-mau-1-min.jpg","type":"image\/jpeg"}],"twitter_card":"summary_large_image","schema":{"@context":"https:\/\/schema.org","@graph":[{"@type":"WebPage","@id":"https:\/\/seji.com.vn\/san-pham\/bang-keo-mau\/","url":"https:\/\/seji.com.vn\/san-pham\/bang-keo-mau\/","name":"B\u0103ng keo m\u00e0u - Seji","isPartOf":{"@id":"https:\/\/seji.com.vn\/#website"},"datePublished":"2023-10-12T06:06:03+00:00","dateModified":"2024-10-14T08:57:04+00:00","breadcrumb":{"@id":"https:\/\/seji.com.vn\/san-pham\/bang-keo-mau\/#breadcrumb"},"inLanguage":"en-US","potentialAction":[{"@type":"ReadAction","target":["https:\/\/seji.com.vn\/san-pham\/bang-keo-mau\/"]}]},{"@type":"BreadcrumbList","@id":"https:\/\/seji.com.vn\/san-pham\/bang-keo-mau\/#breadcrumb","itemListElement":[{"@type":"ListItem","position":1,"name":"Trang ch\u1ee7","item":"https:\/\/seji.com.vn\/"},{"@type":"ListItem","position":2,"name":"S\u1ea3n ph\u1ea9m","item":"https:\/\/seji.com.vn\/san-pham\/"},{"@type":"ListItem","position":3,"name":"B\u0103ng keo m\u00e0u"}]},{"@type":"WebSite","@id":"https:\/\/seji.com.vn\/#website","url":"https:\/\/seji.com.vn\/","name":"Seji","description":"","potentialAction":[{"@type":"SearchAction","target":{"@type":"EntryPoint","urlTemplate":"https:\/\/seji.com.vn\/?s={search_term_string}"},"query-input":"required name=search_term_string"}],"inLanguage":"en-US"}]}},"_links":{"self":[{"href":"https:\/\/seji.com.vn\/en\/wp-json\/wp\/v2\/product\/2402","targetHints":{"allow":["GET"]}}],"collection":[{"href":"https:\/\/seji.com.vn\/en\/wp-json\/wp\/v2\/product"}],"about":[{"href":"https:\/\/seji.com.vn\/en\/wp-json\/wp\/v2\/types\/product"}],"replies":[{"embeddable":true,"href":"https:\/\/seji.com.vn\/en\/wp-json\/wp\/v2\/comments?post=2402"}],"wp:featuredmedia":[{"embeddable":true,"href":"https:\/\/seji.com.vn\/en\/wp-json\/wp\/v2\/media\/2407"}],"wp:attachment":[{"href":"https:\/\/seji.com.vn\/en\/wp-json\/wp\/v2\/media?parent=2402"}],"wp:term":[{"taxonomy":"product_cat","embeddable":true,"href":"https:\/\/seji.com.vn\/en\/wp-json\/wp\/v2\/product_cat?post=2402"},{"taxonomy":"product_tag","embeddable":true,"href":"https:\/\/seji.com.vn\/en\/wp-json\/wp\/v2\/product_tag?post=2402"}],"curies":[{"name":"wp","href":"https:\/\/api.w.org\/{rel}","templated":true}]}}