{"id":2397,"date":"2023-10-12T12:58:56","date_gmt":"2023-10-12T05:58:56","guid":{"rendered":"https:\/\/seji.com.vn\/?post_type=product&#038;p=2397"},"modified":"2023-10-13T14:27:23","modified_gmt":"2023-10-13T07:27:23","slug":"bang-keo-simily","status":"publish","type":"product","link":"https:\/\/seji.com.vn\/en\/product\/bang-keo-simily\/","title":{"rendered":"Simily tape"},"content":{"rendered":"","protected":false},"excerpt":{"rendered":"<p>The applications of simily tape are quite familiar to consumers, so they are used very commonly. Seji Co., Ltd. specializes in providing quality simily tape in many sizes and colors at reasonable prices<\/p>\n<p>Material: PVC film<\/p>\n<p>Common size: 2F4; 4F8; 5F; 6F; 10F,\u2026. In addition, we also cut according to customer requirements<\/p>","protected":false},"featured_media":2398,"comment_status":"open","ping_status":"closed","template":"","meta":[],"product_cat":[34,28,44],"product_tag":[],"class_list":["post-2397","product","type-product","status-publish","has-post-thumbnail","hentry","product_cat-bang-keo","product_cat-bao-bi-dong-goi","product_cat-thuong-mai"],"yoast_head":"<!-- This site is optimized with the Yoast SEO Premium plugin v19.2 (Yoast SEO v20.8) - https:\/\/yoast.com\/wordpress\/plugins\/seo\/ -->\n<title>B\u0103ng keo simily - Seji<\/title>\n<meta name=\"robots\" content=\"index, follow, max-snippet:-1, max-image-preview:large, max-video-preview:-1\" \/>\n<link rel=\"canonical\" href=\"https:\/\/seji.com.vn\/en\/product\/bang-keo-simily\/\" \/>\n<meta property=\"og:locale\" content=\"en_US\" \/>\n<meta property=\"og:type\" content=\"article\" \/>\n<meta property=\"og:title\" content=\"B\u0103ng keo simily\" \/>\n<meta property=\"og:description\" content=\"C\u00e1c \u1ee9ng d\u1ee5ng c\u1ee7a b\u0103ng keo simily kh\u00e1 quen thu\u1ed9c v\u1edbi ng\u01b0\u1eddi ti\u00eau d\u00f9ng n\u00ean \u0111\u01b0\u1ee3c s\u1eed d\u1ee5ng r\u1ea5t ph\u1ed5 bi\u1ebfn. C\u00f4ng ty TNHH Seji chuy\u00ean cung c\u1ea5p b\u0103ng keo simily nhi\u1ec1u k\u00edch th\u01b0\u1edbc, m\u00e0u s\u1eafc ch\u1ea5t l\u01b0\u1ee3ng v\u1edbi gi\u00e1 c\u1ea3 h\u1ee3p l\u00fd  Ch\u1ea5t li\u1ec7u: m\u00e0ng PVC  K\u00edch th\u01b0\u1edbc th\u00f4ng d\u1ee5ng: 2F4; 4F8; 5F; 6F; 10F,.... ngo\u00e0i ra ch\u00fang t\u00f4i c\u00f2n c\u1eaft theo y\u00eau c\u1ea7u c\u1ee7a kh\u00e1ch h\u00e0ng\" \/>\n<meta property=\"og:url\" content=\"https:\/\/seji.com.vn\/en\/product\/bang-keo-simily\/\" \/>\n<meta property=\"og:site_name\" content=\"Seji\" \/>\n<meta property=\"article:modified_time\" content=\"2023-10-13T07:27:23+00:00\" \/>\n<meta property=\"og:image\" content=\"https:\/\/seji.com.vn\/wp-content\/uploads\/2023\/10\/ca6a28cfaf681b967a49beabd31c5111.jpg\" \/>\n\t<meta property=\"og:image:width\" content=\"800\" \/>\n\t<meta property=\"og:image:height\" content=\"800\" \/>\n\t<meta property=\"og:image:type\" content=\"image\/jpeg\" \/>\n<meta name=\"twitter:card\" content=\"summary_large_image\" \/>\n<script type=\"application\/ld+json\" class=\"yoast-schema-graph\">{\"@context\":\"https:\/\/schema.org\",\"@graph\":[{\"@type\":\"WebPage\",\"@id\":\"https:\/\/seji.com.vn\/san-pham\/bang-keo-simily\/\",\"url\":\"https:\/\/seji.com.vn\/san-pham\/bang-keo-simily\/\",\"name\":\"B\u0103ng keo simily - Seji\",\"isPartOf\":{\"@id\":\"https:\/\/seji.com.vn\/#website\"},\"datePublished\":\"2023-10-12T05:58:56+00:00\",\"dateModified\":\"2023-10-13T07:27:23+00:00\",\"breadcrumb\":{\"@id\":\"https:\/\/seji.com.vn\/san-pham\/bang-keo-simily\/#breadcrumb\"},\"inLanguage\":\"en-US\",\"potentialAction\":[{\"@type\":\"ReadAction\",\"target\":[\"https:\/\/seji.com.vn\/san-pham\/bang-keo-simily\/\"]}]},{\"@type\":\"BreadcrumbList\",\"@id\":\"https:\/\/seji.com.vn\/san-pham\/bang-keo-simily\/#breadcrumb\",\"itemListElement\":[{\"@type\":\"ListItem\",\"position\":1,\"name\":\"Trang ch\u1ee7\",\"item\":\"https:\/\/seji.com.vn\/\"},{\"@type\":\"ListItem\",\"position\":2,\"name\":\"S\u1ea3n ph\u1ea9m\",\"item\":\"https:\/\/seji.com.vn\/san-pham\/\"},{\"@type\":\"ListItem\",\"position\":3,\"name\":\"B\u0103ng keo simily\"}]},{\"@type\":\"WebSite\",\"@id\":\"https:\/\/seji.com.vn\/#website\",\"url\":\"https:\/\/seji.com.vn\/\",\"name\":\"Seji\",\"description\":\"\",\"potentialAction\":[{\"@type\":\"SearchAction\",\"target\":{\"@type\":\"EntryPoint\",\"urlTemplate\":\"https:\/\/seji.com.vn\/?s={search_term_string}\"},\"query-input\":\"required name=search_term_string\"}],\"inLanguage\":\"en-US\"}]}<\/script>\n<!-- \/ Yoast SEO Premium plugin. -->","yoast_head_json":{"title":"B\u0103ng keo simily - Seji","robots":{"index":"index","follow":"follow","max-snippet":"max-snippet:-1","max-image-preview":"max-image-preview:large","max-video-preview":"max-video-preview:-1"},"canonical":"https:\/\/seji.com.vn\/en\/product\/bang-keo-simily\/","og_locale":"en_US","og_type":"article","og_title":"B\u0103ng keo simily","og_description":"C\u00e1c \u1ee9ng d\u1ee5ng c\u1ee7a b\u0103ng keo simily kh\u00e1 quen thu\u1ed9c v\u1edbi ng\u01b0\u1eddi ti\u00eau d\u00f9ng n\u00ean \u0111\u01b0\u1ee3c s\u1eed d\u1ee5ng r\u1ea5t ph\u1ed5 bi\u1ebfn. C\u00f4ng ty TNHH Seji chuy\u00ean cung c\u1ea5p b\u0103ng keo simily nhi\u1ec1u k\u00edch th\u01b0\u1edbc, m\u00e0u s\u1eafc ch\u1ea5t l\u01b0\u1ee3ng v\u1edbi gi\u00e1 c\u1ea3 h\u1ee3p l\u00fd  Ch\u1ea5t li\u1ec7u: m\u00e0ng PVC  K\u00edch th\u01b0\u1edbc th\u00f4ng d\u1ee5ng: 2F4; 4F8; 5F; 6F; 10F,.... ngo\u00e0i ra ch\u00fang t\u00f4i c\u00f2n c\u1eaft theo y\u00eau c\u1ea7u c\u1ee7a kh\u00e1ch h\u00e0ng","og_url":"https:\/\/seji.com.vn\/en\/product\/bang-keo-simily\/","og_site_name":"Seji","article_modified_time":"2023-10-13T07:27:23+00:00","og_image":[{"width":800,"height":800,"url":"https:\/\/seji.com.vn\/wp-content\/uploads\/2023\/10\/ca6a28cfaf681b967a49beabd31c5111.jpg","type":"image\/jpeg"}],"twitter_card":"summary_large_image","schema":{"@context":"https:\/\/schema.org","@graph":[{"@type":"WebPage","@id":"https:\/\/seji.com.vn\/san-pham\/bang-keo-simily\/","url":"https:\/\/seji.com.vn\/san-pham\/bang-keo-simily\/","name":"B\u0103ng keo simily - Seji","isPartOf":{"@id":"https:\/\/seji.com.vn\/#website"},"datePublished":"2023-10-12T05:58:56+00:00","dateModified":"2023-10-13T07:27:23+00:00","breadcrumb":{"@id":"https:\/\/seji.com.vn\/san-pham\/bang-keo-simily\/#breadcrumb"},"inLanguage":"en-US","potentialAction":[{"@type":"ReadAction","target":["https:\/\/seji.com.vn\/san-pham\/bang-keo-simily\/"]}]},{"@type":"BreadcrumbList","@id":"https:\/\/seji.com.vn\/san-pham\/bang-keo-simily\/#breadcrumb","itemListElement":[{"@type":"ListItem","position":1,"name":"Trang ch\u1ee7","item":"https:\/\/seji.com.vn\/"},{"@type":"ListItem","position":2,"name":"S\u1ea3n ph\u1ea9m","item":"https:\/\/seji.com.vn\/san-pham\/"},{"@type":"ListItem","position":3,"name":"B\u0103ng keo simily"}]},{"@type":"WebSite","@id":"https:\/\/seji.com.vn\/#website","url":"https:\/\/seji.com.vn\/","name":"Seji","description":"","potentialAction":[{"@type":"SearchAction","target":{"@type":"EntryPoint","urlTemplate":"https:\/\/seji.com.vn\/?s={search_term_string}"},"query-input":"required name=search_term_string"}],"inLanguage":"en-US"}]}},"_links":{"self":[{"href":"https:\/\/seji.com.vn\/en\/wp-json\/wp\/v2\/product\/2397","targetHints":{"allow":["GET"]}}],"collection":[{"href":"https:\/\/seji.com.vn\/en\/wp-json\/wp\/v2\/product"}],"about":[{"href":"https:\/\/seji.com.vn\/en\/wp-json\/wp\/v2\/types\/product"}],"replies":[{"embeddable":true,"href":"https:\/\/seji.com.vn\/en\/wp-json\/wp\/v2\/comments?post=2397"}],"wp:featuredmedia":[{"embeddable":true,"href":"https:\/\/seji.com.vn\/en\/wp-json\/wp\/v2\/media\/2398"}],"wp:attachment":[{"href":"https:\/\/seji.com.vn\/en\/wp-json\/wp\/v2\/media?parent=2397"}],"wp:term":[{"taxonomy":"product_cat","embeddable":true,"href":"https:\/\/seji.com.vn\/en\/wp-json\/wp\/v2\/product_cat?post=2397"},{"taxonomy":"product_tag","embeddable":true,"href":"https:\/\/seji.com.vn\/en\/wp-json\/wp\/v2\/product_tag?post=2397"}],"curies":[{"name":"wp","href":"https:\/\/api.w.org\/{rel}","templated":true}]}}