{"id":2392,"date":"2023-10-12T12:53:35","date_gmt":"2023-10-12T05:53:35","guid":{"rendered":"https:\/\/seji.com.vn\/?post_type=product&#038;p=2392"},"modified":"2023-10-13T14:34:48","modified_gmt":"2023-10-13T07:34:48","slug":"bang-keo-trong","status":"publish","type":"product","link":"https:\/\/seji.com.vn\/en\/product\/bang-keo-trong\/","title":{"rendered":"Clear tape"},"content":{"rendered":"","protected":false},"excerpt":{"rendered":"<p>Our company specializes in providing clear tape in many different sizes to suit many different customer groups. Seji Co., Ltd. is proud to be a supplier of quality tape at reasonable prices<\/p>\n<p>Material: OPP<\/p>\n<p>Common size: 2F4; 4F8; 5F; 6F; 10F,\u2026. In addition, we also provide other sizes according to customer requirements<\/p>","protected":false},"featured_media":2396,"comment_status":"open","ping_status":"closed","template":"","meta":[],"product_cat":[34,28,44],"product_tag":[],"class_list":["post-2392","product","type-product","status-publish","has-post-thumbnail","hentry","product_cat-bang-keo","product_cat-bao-bi-dong-goi","product_cat-thuong-mai"],"yoast_head":"<!-- This site is optimized with the Yoast SEO Premium plugin v19.2 (Yoast SEO v20.8) - https:\/\/yoast.com\/wordpress\/plugins\/seo\/ -->\n<title>B\u0103ng keo trong - Seji<\/title>\n<meta name=\"robots\" content=\"index, follow, max-snippet:-1, max-image-preview:large, max-video-preview:-1\" \/>\n<link rel=\"canonical\" href=\"https:\/\/seji.com.vn\/en\/product\/bang-keo-trong\/\" \/>\n<meta property=\"og:locale\" content=\"en_US\" \/>\n<meta property=\"og:type\" content=\"article\" \/>\n<meta property=\"og:title\" content=\"B\u0103ng keo trong\" \/>\n<meta property=\"og:description\" content=\"C\u00f4ng ty ch\u00fang t\u00f4i chuy\u00ean cung c\u1ea5p b\u0103ng keo trong v\u1edbi nhi\u1ec1u k\u00edch th\u01b0\u1edbc kh\u00e1c nhau ph\u00f9 h\u1ee3p v\u1edbi nhi\u1ec1u nh\u00f3m kh\u00e1ch h\u00e0ng kh\u00e1c nhau. C\u00f4ng ty TNHH Seji t\u1ef1 h\u00e0o l\u00e0 nh\u00e0 cung c\u1ea5p b\u0103ng keo trong ch\u1ea5t l\u01b0\u1ee3ng v\u1edbi gi\u00e1 c\u1ea3 h\u1ee3p l\u00fd  Ch\u1ea5t li\u1ec7u: OPP  K\u00edch th\u01b0\u1edbc th\u00f4ng d\u1ee5ng: 2F4; 4F8; 5F; 6F; 10F,.... ngo\u00e0i ra ch\u00fang t\u00f4i c\u00f2n cung c\u1ea5p c\u00e1c k\u00edch th\u01b0\u1edbc kh\u00e1c theo y\u00eau c\u1ea7u c\u1ee7a kh\u00e1ch h\u00e0ng\" \/>\n<meta property=\"og:url\" content=\"https:\/\/seji.com.vn\/en\/product\/bang-keo-trong\/\" \/>\n<meta property=\"og:site_name\" content=\"Seji\" \/>\n<meta property=\"article:modified_time\" content=\"2023-10-13T07:34:48+00:00\" \/>\n<meta property=\"og:image\" content=\"https:\/\/seji.com.vn\/wp-content\/uploads\/2023\/10\/bang-keo-trong-500x500-1.jpg\" \/>\n\t<meta property=\"og:image:width\" content=\"500\" \/>\n\t<meta property=\"og:image:height\" content=\"500\" \/>\n\t<meta property=\"og:image:type\" content=\"image\/jpeg\" \/>\n<meta name=\"twitter:card\" content=\"summary_large_image\" \/>\n<script type=\"application\/ld+json\" class=\"yoast-schema-graph\">{\"@context\":\"https:\/\/schema.org\",\"@graph\":[{\"@type\":\"WebPage\",\"@id\":\"https:\/\/seji.com.vn\/san-pham\/bang-keo-trong\/\",\"url\":\"https:\/\/seji.com.vn\/san-pham\/bang-keo-trong\/\",\"name\":\"B\u0103ng keo trong - Seji\",\"isPartOf\":{\"@id\":\"https:\/\/seji.com.vn\/#website\"},\"datePublished\":\"2023-10-12T05:53:35+00:00\",\"dateModified\":\"2023-10-13T07:34:48+00:00\",\"breadcrumb\":{\"@id\":\"https:\/\/seji.com.vn\/san-pham\/bang-keo-trong\/#breadcrumb\"},\"inLanguage\":\"en-US\",\"potentialAction\":[{\"@type\":\"ReadAction\",\"target\":[\"https:\/\/seji.com.vn\/san-pham\/bang-keo-trong\/\"]}]},{\"@type\":\"BreadcrumbList\",\"@id\":\"https:\/\/seji.com.vn\/san-pham\/bang-keo-trong\/#breadcrumb\",\"itemListElement\":[{\"@type\":\"ListItem\",\"position\":1,\"name\":\"Trang ch\u1ee7\",\"item\":\"https:\/\/seji.com.vn\/\"},{\"@type\":\"ListItem\",\"position\":2,\"name\":\"S\u1ea3n ph\u1ea9m\",\"item\":\"https:\/\/seji.com.vn\/san-pham\/\"},{\"@type\":\"ListItem\",\"position\":3,\"name\":\"B\u0103ng keo trong\"}]},{\"@type\":\"WebSite\",\"@id\":\"https:\/\/seji.com.vn\/#website\",\"url\":\"https:\/\/seji.com.vn\/\",\"name\":\"Seji\",\"description\":\"\",\"potentialAction\":[{\"@type\":\"SearchAction\",\"target\":{\"@type\":\"EntryPoint\",\"urlTemplate\":\"https:\/\/seji.com.vn\/?s={search_term_string}\"},\"query-input\":\"required name=search_term_string\"}],\"inLanguage\":\"en-US\"}]}<\/script>\n<!-- \/ Yoast SEO Premium plugin. -->","yoast_head_json":{"title":"B\u0103ng keo trong - Seji","robots":{"index":"index","follow":"follow","max-snippet":"max-snippet:-1","max-image-preview":"max-image-preview:large","max-video-preview":"max-video-preview:-1"},"canonical":"https:\/\/seji.com.vn\/en\/product\/bang-keo-trong\/","og_locale":"en_US","og_type":"article","og_title":"B\u0103ng keo trong","og_description":"C\u00f4ng ty ch\u00fang t\u00f4i chuy\u00ean cung c\u1ea5p b\u0103ng keo trong v\u1edbi nhi\u1ec1u k\u00edch th\u01b0\u1edbc kh\u00e1c nhau ph\u00f9 h\u1ee3p v\u1edbi nhi\u1ec1u nh\u00f3m kh\u00e1ch h\u00e0ng kh\u00e1c nhau. C\u00f4ng ty TNHH Seji t\u1ef1 h\u00e0o l\u00e0 nh\u00e0 cung c\u1ea5p b\u0103ng keo trong ch\u1ea5t l\u01b0\u1ee3ng v\u1edbi gi\u00e1 c\u1ea3 h\u1ee3p l\u00fd  Ch\u1ea5t li\u1ec7u: OPP  K\u00edch th\u01b0\u1edbc th\u00f4ng d\u1ee5ng: 2F4; 4F8; 5F; 6F; 10F,.... ngo\u00e0i ra ch\u00fang t\u00f4i c\u00f2n cung c\u1ea5p c\u00e1c k\u00edch th\u01b0\u1edbc kh\u00e1c theo y\u00eau c\u1ea7u c\u1ee7a kh\u00e1ch h\u00e0ng","og_url":"https:\/\/seji.com.vn\/en\/product\/bang-keo-trong\/","og_site_name":"Seji","article_modified_time":"2023-10-13T07:34:48+00:00","og_image":[{"width":500,"height":500,"url":"https:\/\/seji.com.vn\/wp-content\/uploads\/2023\/10\/bang-keo-trong-500x500-1.jpg","type":"image\/jpeg"}],"twitter_card":"summary_large_image","schema":{"@context":"https:\/\/schema.org","@graph":[{"@type":"WebPage","@id":"https:\/\/seji.com.vn\/san-pham\/bang-keo-trong\/","url":"https:\/\/seji.com.vn\/san-pham\/bang-keo-trong\/","name":"B\u0103ng keo trong - Seji","isPartOf":{"@id":"https:\/\/seji.com.vn\/#website"},"datePublished":"2023-10-12T05:53:35+00:00","dateModified":"2023-10-13T07:34:48+00:00","breadcrumb":{"@id":"https:\/\/seji.com.vn\/san-pham\/bang-keo-trong\/#breadcrumb"},"inLanguage":"en-US","potentialAction":[{"@type":"ReadAction","target":["https:\/\/seji.com.vn\/san-pham\/bang-keo-trong\/"]}]},{"@type":"BreadcrumbList","@id":"https:\/\/seji.com.vn\/san-pham\/bang-keo-trong\/#breadcrumb","itemListElement":[{"@type":"ListItem","position":1,"name":"Trang ch\u1ee7","item":"https:\/\/seji.com.vn\/"},{"@type":"ListItem","position":2,"name":"S\u1ea3n ph\u1ea9m","item":"https:\/\/seji.com.vn\/san-pham\/"},{"@type":"ListItem","position":3,"name":"B\u0103ng keo trong"}]},{"@type":"WebSite","@id":"https:\/\/seji.com.vn\/#website","url":"https:\/\/seji.com.vn\/","name":"Seji","description":"","potentialAction":[{"@type":"SearchAction","target":{"@type":"EntryPoint","urlTemplate":"https:\/\/seji.com.vn\/?s={search_term_string}"},"query-input":"required name=search_term_string"}],"inLanguage":"en-US"}]}},"_links":{"self":[{"href":"https:\/\/seji.com.vn\/en\/wp-json\/wp\/v2\/product\/2392","targetHints":{"allow":["GET"]}}],"collection":[{"href":"https:\/\/seji.com.vn\/en\/wp-json\/wp\/v2\/product"}],"about":[{"href":"https:\/\/seji.com.vn\/en\/wp-json\/wp\/v2\/types\/product"}],"replies":[{"embeddable":true,"href":"https:\/\/seji.com.vn\/en\/wp-json\/wp\/v2\/comments?post=2392"}],"wp:featuredmedia":[{"embeddable":true,"href":"https:\/\/seji.com.vn\/en\/wp-json\/wp\/v2\/media\/2396"}],"wp:attachment":[{"href":"https:\/\/seji.com.vn\/en\/wp-json\/wp\/v2\/media?parent=2392"}],"wp:term":[{"taxonomy":"product_cat","embeddable":true,"href":"https:\/\/seji.com.vn\/en\/wp-json\/wp\/v2\/product_cat?post=2392"},{"taxonomy":"product_tag","embeddable":true,"href":"https:\/\/seji.com.vn\/en\/wp-json\/wp\/v2\/product_tag?post=2392"}],"curies":[{"name":"wp","href":"https:\/\/api.w.org\/{rel}","templated":true}]}}