{"id":2391,"date":"2023-10-12T12:39:43","date_gmt":"2023-10-12T05:39:43","guid":{"rendered":"https:\/\/seji.com.vn\/?post_type=product&#038;p=2391"},"modified":"2023-10-12T16:59:02","modified_gmt":"2023-10-12T09:59:02","slug":"san-xuat-khay-giay","status":"publish","type":"product","link":"https:\/\/seji.com.vn\/en\/product\/san-xuat-khay-giay\/","title":{"rendered":"Production of shaped paper trays"},"content":{"rendered":"","protected":false},"excerpt":{"rendered":"<div class=\"chat-item flx\">\n<div class=\"chat-content flx flx-col flx-cell\">\n<div id=\"bb_msg_id_1697104097343\" class=\"chat-message wrap-message rotate-container -send-time -reaction\" data-node-type=\"bubble-message\">\n<div class=\"\">\n<div class=\"card pin-react last-msg card--text\" data-id=\"div_ReceivedMsg_Text\">\n<div><span class=\"text\">Currently, the use of environmentally friendly paper materials is being widely developed in the Vietnamese market and Seji is one of the companies that has been strongly developing this field.<\/p>\n<p>To satisfy customers who do not have high aesthetic requirements and want to save costs, molds can be used <strong>\"aluminum\"<\/strong> shaping, with even more difficult requirements for smoothness, we have molds <strong>\"steel\"<\/strong> will produce products that suit your company's requirements.<\/p>\n<p>From simple to complex trays, we will provide full support to bring customers the most satisfied results. In addition, if customers need to convert existing products to paper materials, as long as they have an actual product, we will support 3D drawing design for production.<\/span><\/div>\n<div><\/div>\n<div class=\"message-reaction-container has-send-time show-react-btn\">\n<div data-id=\"btn_ReceivedMsg_React\">\n<div class=\"msg-reaction-icon\">\n<div class=\"default-react-icon-thumb\"><\/div>\n<\/div>\n<div class=\"emoji-list-wrapper hide-elist\">\n<div class=\"reaction-emoji-list\">\n<div class=\"reaction-emoji-icon\"><\/div>\n<div class=\"reaction-emoji-icon\"><\/div>\n<div class=\"reaction-emoji-icon\"><\/div>\n<div class=\"reaction-emoji-icon\"><\/div>\n<div class=\"reaction-emoji-icon\"><\/div>\n<div class=\"reaction-emoji-icon\"><\/div>\n<\/div>\n<\/div>\n<\/div>\n<\/div>\n<\/div>\n<div class=\"chat-message__actionholder pin-react last-msg\"><\/div>\n<\/div>\n<\/div>\n<\/div>\n<\/div>\n<div class=\"chat-item flx me\">\n<div class=\"chat-content flx flx-col flx-cell\">\n<div id=\"bb_msg_id_1697104105610\" class=\"chat-message wrap-message rotate-container me -send-time -reaction\" data-node-type=\"bubble-message\">\n<div class=\"\">\n<div class=\"chat-message__actionholder me last-msg has-status\"><\/div>\n<div class=\"card me last-msg has-status card--text\" data-id=\"div_LastSentMsg_Text\"><\/div>\n<\/div>\n<\/div>\n<\/div>\n<\/div>","protected":false},"featured_media":2323,"comment_status":"open","ping_status":"closed","template":"","meta":[],"product_cat":[16,46],"product_tag":[],"class_list":["post-2391","product","type-product","status-publish","has-post-thumbnail","hentry","product_cat-san-xuat-khay-giay-dinh-hinh","product_cat-san-xuat"],"yoast_head":"<!-- This site is optimized with the Yoast SEO Premium plugin v19.2 (Yoast SEO v20.8) - https:\/\/yoast.com\/wordpress\/plugins\/seo\/ -->\n<title>S\u1ea3n xu\u1ea5t khay gi\u1ea5y \u0111\u1ecbnh h\u00ecnh - Seji<\/title>\n<meta name=\"robots\" content=\"index, follow, max-snippet:-1, max-image-preview:large, max-video-preview:-1\" \/>\n<link rel=\"canonical\" href=\"https:\/\/seji.com.vn\/en\/product\/san-xuat-khay-giay\/\" \/>\n<meta property=\"og:locale\" content=\"en_US\" \/>\n<meta property=\"og:type\" content=\"article\" \/>\n<meta property=\"og:title\" content=\"S\u1ea3n xu\u1ea5t khay gi\u1ea5y \u0111\u1ecbnh h\u00ecnh\" \/>\n<meta property=\"og:description\" content=\"Hi\u1ec7n nay, vi\u1ec7c s\u1eed d\u1ee5ng nguy\u00ean v\u1eadt li\u1ec7u gi\u1ea5y th\u00e2n thi\u1ec7n m\u00f4i tr\u01b0\u1eddng \u0111ang \u0111\u01b0\u1ee3c th\u1ecb tr\u01b0\u1eddng Vi\u1ec7t Nam ph\u00e1t tri\u1ec3n r\u1ed9ng r\u00e3i v\u00e0 Seji l\u00e0 1 trong nh\u1eefng c\u00f4ng ty \u0111\u00e3 v\u00e0 \u0111ang ph\u00e1t tri\u1ec3n m\u1ea1nh m\u1ebd l\u0129nh v\u1ef1c n\u00e0y.  \u0110\u1ec3 \u0111\u00e1p \u1ee9ng nh\u1eefng kh\u00e1ch h\u00e0ng kh\u00f4ng \u0111\u00f2i h\u1ecfi cao v\u1ec1 th\u1ea9m m\u1ef9 v\u00e0 mu\u1ed1n ti\u1ebft ki\u1ec7m chi ph\u00ed th\u00ec c\u00f3 th\u1ec3 s\u1eed d\u1ee5ng khu\u00f4n \u201cnh\u00f4m\u201d \u0111\u1ecbnh h\u00ecnh, c\u00f2n y\u00eau c\u1ea7u kh\u00f3 h\u01a1n v\u1ec1 \u0111\u1ed9 l\u00e1ng m\u1ecbn ch\u00fang t\u00f4i c\u00f3 khu\u00f4n \u201cth\u00e9p\u201d s\u1ebd cho ra s\u1ea3n ph\u1ea9m ph\u00f9 h\u1ee3p v\u1edbi y\u00eau c\u1ea7u c\u1ee7a qu\u00fd c\u00f4ng ty.  T\u1eeb khay \u0111\u01a1n gi\u1ea3n \u0111\u1ebfn ph\u1ee9c t\u1ea1p ch\u00fang t\u00f4i s\u1ebd h\u1ed7 tr\u1ee3 h\u1ebft m\u1ee9c \u0111\u1ec3 \u0111em l\u1ea1i k\u1ebft qu\u1ea3 m\u00e0 kh\u00e1ch h\u00e0ng h\u00e0i l\u00f2ng nh\u1ea5t. Ngo\u00e0i ra, kh\u00e1ch h\u00e0ng c\u00f3 nhu c\u1ea7u chuy\u1ec3n s\u1ea3n ph\u1ea9m hi\u1ec7n t\u1ea1i sang nguy\u00ean v\u1eadt li\u1ec7u gi\u1ea5y th\u00ec ch\u1ec9 c\u1ea7n c\u00f3 s\u1ea3n ph\u1ea9m th\u1ef1c t\u1ebf ch\u00fang t\u00f4i s\u1ebd h\u1ed7 tr\u1ee3 thi\u1ebft k\u1ebf b\u1ea3n v\u1ebd 3D \u0111\u1ec3 s\u1ea3n xu\u1ea5t.\" \/>\n<meta property=\"og:url\" content=\"https:\/\/seji.com.vn\/en\/product\/san-xuat-khay-giay\/\" \/>\n<meta property=\"og:site_name\" content=\"Seji\" \/>\n<meta property=\"article:modified_time\" content=\"2023-10-12T09:59:02+00:00\" \/>\n<meta property=\"og:image\" content=\"https:\/\/seji.com.vn\/wp-content\/uploads\/2023\/10\/z4585981337648_48fbfb5af63e9f1c0be0249128135599.jpg\" \/>\n\t<meta property=\"og:image:width\" content=\"1276\" \/>\n\t<meta property=\"og:image:height\" content=\"956\" \/>\n\t<meta property=\"og:image:type\" content=\"image\/jpeg\" \/>\n<meta name=\"twitter:card\" content=\"summary_large_image\" \/>\n<script type=\"application\/ld+json\" class=\"yoast-schema-graph\">{\"@context\":\"https:\/\/schema.org\",\"@graph\":[{\"@type\":\"WebPage\",\"@id\":\"https:\/\/seji.com.vn\/san-pham\/san-xuat-khay-giay\/\",\"url\":\"https:\/\/seji.com.vn\/san-pham\/san-xuat-khay-giay\/\",\"name\":\"S\u1ea3n xu\u1ea5t khay gi\u1ea5y \u0111\u1ecbnh h\u00ecnh - Seji\",\"isPartOf\":{\"@id\":\"https:\/\/seji.com.vn\/#website\"},\"datePublished\":\"2023-10-12T05:39:43+00:00\",\"dateModified\":\"2023-10-12T09:59:02+00:00\",\"breadcrumb\":{\"@id\":\"https:\/\/seji.com.vn\/san-pham\/san-xuat-khay-giay\/#breadcrumb\"},\"inLanguage\":\"en-US\",\"potentialAction\":[{\"@type\":\"ReadAction\",\"target\":[\"https:\/\/seji.com.vn\/san-pham\/san-xuat-khay-giay\/\"]}]},{\"@type\":\"BreadcrumbList\",\"@id\":\"https:\/\/seji.com.vn\/san-pham\/san-xuat-khay-giay\/#breadcrumb\",\"itemListElement\":[{\"@type\":\"ListItem\",\"position\":1,\"name\":\"Trang ch\u1ee7\",\"item\":\"https:\/\/seji.com.vn\/\"},{\"@type\":\"ListItem\",\"position\":2,\"name\":\"S\u1ea3n ph\u1ea9m\",\"item\":\"https:\/\/seji.com.vn\/san-pham\/\"},{\"@type\":\"ListItem\",\"position\":3,\"name\":\"S\u1ea3n xu\u1ea5t khay gi\u1ea5y \u0111\u1ecbnh h\u00ecnh\"}]},{\"@type\":\"WebSite\",\"@id\":\"https:\/\/seji.com.vn\/#website\",\"url\":\"https:\/\/seji.com.vn\/\",\"name\":\"Seji\",\"description\":\"\",\"potentialAction\":[{\"@type\":\"SearchAction\",\"target\":{\"@type\":\"EntryPoint\",\"urlTemplate\":\"https:\/\/seji.com.vn\/?s={search_term_string}\"},\"query-input\":\"required name=search_term_string\"}],\"inLanguage\":\"en-US\"}]}<\/script>\n<!-- \/ Yoast SEO Premium plugin. -->","yoast_head_json":{"title":"S\u1ea3n xu\u1ea5t khay gi\u1ea5y \u0111\u1ecbnh h\u00ecnh - Seji","robots":{"index":"index","follow":"follow","max-snippet":"max-snippet:-1","max-image-preview":"max-image-preview:large","max-video-preview":"max-video-preview:-1"},"canonical":"https:\/\/seji.com.vn\/en\/product\/san-xuat-khay-giay\/","og_locale":"en_US","og_type":"article","og_title":"S\u1ea3n xu\u1ea5t khay gi\u1ea5y \u0111\u1ecbnh h\u00ecnh","og_description":"Hi\u1ec7n nay, vi\u1ec7c s\u1eed d\u1ee5ng nguy\u00ean v\u1eadt li\u1ec7u gi\u1ea5y th\u00e2n thi\u1ec7n m\u00f4i tr\u01b0\u1eddng \u0111ang \u0111\u01b0\u1ee3c th\u1ecb tr\u01b0\u1eddng Vi\u1ec7t Nam ph\u00e1t tri\u1ec3n r\u1ed9ng r\u00e3i v\u00e0 Seji l\u00e0 1 trong nh\u1eefng c\u00f4ng ty \u0111\u00e3 v\u00e0 \u0111ang ph\u00e1t tri\u1ec3n m\u1ea1nh m\u1ebd l\u0129nh v\u1ef1c n\u00e0y.  \u0110\u1ec3 \u0111\u00e1p \u1ee9ng nh\u1eefng kh\u00e1ch h\u00e0ng kh\u00f4ng \u0111\u00f2i h\u1ecfi cao v\u1ec1 th\u1ea9m m\u1ef9 v\u00e0 mu\u1ed1n ti\u1ebft ki\u1ec7m chi ph\u00ed th\u00ec c\u00f3 th\u1ec3 s\u1eed d\u1ee5ng khu\u00f4n \u201cnh\u00f4m\u201d \u0111\u1ecbnh h\u00ecnh, c\u00f2n y\u00eau c\u1ea7u kh\u00f3 h\u01a1n v\u1ec1 \u0111\u1ed9 l\u00e1ng m\u1ecbn ch\u00fang t\u00f4i c\u00f3 khu\u00f4n \u201cth\u00e9p\u201d s\u1ebd cho ra s\u1ea3n ph\u1ea9m ph\u00f9 h\u1ee3p v\u1edbi y\u00eau c\u1ea7u c\u1ee7a qu\u00fd c\u00f4ng ty.  T\u1eeb khay \u0111\u01a1n gi\u1ea3n \u0111\u1ebfn ph\u1ee9c t\u1ea1p ch\u00fang t\u00f4i s\u1ebd h\u1ed7 tr\u1ee3 h\u1ebft m\u1ee9c \u0111\u1ec3 \u0111em l\u1ea1i k\u1ebft qu\u1ea3 m\u00e0 kh\u00e1ch h\u00e0ng h\u00e0i l\u00f2ng nh\u1ea5t. Ngo\u00e0i ra, kh\u00e1ch h\u00e0ng c\u00f3 nhu c\u1ea7u chuy\u1ec3n s\u1ea3n ph\u1ea9m hi\u1ec7n t\u1ea1i sang nguy\u00ean v\u1eadt li\u1ec7u gi\u1ea5y th\u00ec ch\u1ec9 c\u1ea7n c\u00f3 s\u1ea3n ph\u1ea9m th\u1ef1c t\u1ebf ch\u00fang t\u00f4i s\u1ebd h\u1ed7 tr\u1ee3 thi\u1ebft k\u1ebf b\u1ea3n v\u1ebd 3D \u0111\u1ec3 s\u1ea3n xu\u1ea5t.","og_url":"https:\/\/seji.com.vn\/en\/product\/san-xuat-khay-giay\/","og_site_name":"Seji","article_modified_time":"2023-10-12T09:59:02+00:00","og_image":[{"width":1276,"height":956,"url":"https:\/\/seji.com.vn\/wp-content\/uploads\/2023\/10\/z4585981337648_48fbfb5af63e9f1c0be0249128135599.jpg","type":"image\/jpeg"}],"twitter_card":"summary_large_image","schema":{"@context":"https:\/\/schema.org","@graph":[{"@type":"WebPage","@id":"https:\/\/seji.com.vn\/san-pham\/san-xuat-khay-giay\/","url":"https:\/\/seji.com.vn\/san-pham\/san-xuat-khay-giay\/","name":"S\u1ea3n xu\u1ea5t khay gi\u1ea5y \u0111\u1ecbnh h\u00ecnh - Seji","isPartOf":{"@id":"https:\/\/seji.com.vn\/#website"},"datePublished":"2023-10-12T05:39:43+00:00","dateModified":"2023-10-12T09:59:02+00:00","breadcrumb":{"@id":"https:\/\/seji.com.vn\/san-pham\/san-xuat-khay-giay\/#breadcrumb"},"inLanguage":"en-US","potentialAction":[{"@type":"ReadAction","target":["https:\/\/seji.com.vn\/san-pham\/san-xuat-khay-giay\/"]}]},{"@type":"BreadcrumbList","@id":"https:\/\/seji.com.vn\/san-pham\/san-xuat-khay-giay\/#breadcrumb","itemListElement":[{"@type":"ListItem","position":1,"name":"Trang ch\u1ee7","item":"https:\/\/seji.com.vn\/"},{"@type":"ListItem","position":2,"name":"S\u1ea3n ph\u1ea9m","item":"https:\/\/seji.com.vn\/san-pham\/"},{"@type":"ListItem","position":3,"name":"S\u1ea3n xu\u1ea5t khay gi\u1ea5y \u0111\u1ecbnh h\u00ecnh"}]},{"@type":"WebSite","@id":"https:\/\/seji.com.vn\/#website","url":"https:\/\/seji.com.vn\/","name":"Seji","description":"","potentialAction":[{"@type":"SearchAction","target":{"@type":"EntryPoint","urlTemplate":"https:\/\/seji.com.vn\/?s={search_term_string}"},"query-input":"required name=search_term_string"}],"inLanguage":"en-US"}]}},"_links":{"self":[{"href":"https:\/\/seji.com.vn\/en\/wp-json\/wp\/v2\/product\/2391","targetHints":{"allow":["GET"]}}],"collection":[{"href":"https:\/\/seji.com.vn\/en\/wp-json\/wp\/v2\/product"}],"about":[{"href":"https:\/\/seji.com.vn\/en\/wp-json\/wp\/v2\/types\/product"}],"replies":[{"embeddable":true,"href":"https:\/\/seji.com.vn\/en\/wp-json\/wp\/v2\/comments?post=2391"}],"wp:featuredmedia":[{"embeddable":true,"href":"https:\/\/seji.com.vn\/en\/wp-json\/wp\/v2\/media\/2323"}],"wp:attachment":[{"href":"https:\/\/seji.com.vn\/en\/wp-json\/wp\/v2\/media?parent=2391"}],"wp:term":[{"taxonomy":"product_cat","embeddable":true,"href":"https:\/\/seji.com.vn\/en\/wp-json\/wp\/v2\/product_cat?post=2391"},{"taxonomy":"product_tag","embeddable":true,"href":"https:\/\/seji.com.vn\/en\/wp-json\/wp\/v2\/product_tag?post=2391"}],"curies":[{"name":"wp","href":"https:\/\/api.w.org\/{rel}","templated":true}]}}