{"id":1892,"date":"2023-07-11T01:38:52","date_gmt":"2023-07-11T01:38:52","guid":{"rendered":"https:\/\/seji.123websitedev.com\/?post_type=product&#038;p=1892"},"modified":"2023-10-12T16:41:52","modified_gmt":"2023-10-12T09:41:52","slug":"thung-carton","status":"publish","type":"product","link":"https:\/\/seji.com.vn\/en\/product\/thung-carton\/","title":{"rendered":"Carton box"},"content":{"rendered":"","protected":false},"excerpt":{"rendered":"<p>Talking about cartons is an indispensable packaging for almost all businesses. We can flexibly produce in terms of size, thickness, paper quantity, etc. and optimize costs to suit customers' packaging purposes.<\/p>","protected":false},"featured_media":1653,"comment_status":"open","ping_status":"closed","template":"","meta":[],"product_cat":[28,26,44],"product_tag":[],"class_list":["post-1892","product","type-product","status-publish","has-post-thumbnail","hentry","product_cat-bao-bi-dong-goi","product_cat-thung-giay-carton","product_cat-thuong-mai"],"yoast_head":"<!-- This site is optimized with the Yoast SEO Premium plugin v19.2 (Yoast SEO v20.8) - https:\/\/yoast.com\/wordpress\/plugins\/seo\/ -->\n<title>Th\u00f9ng Carton - Seji<\/title>\n<meta name=\"robots\" content=\"index, follow, max-snippet:-1, max-image-preview:large, max-video-preview:-1\" \/>\n<link rel=\"canonical\" href=\"https:\/\/seji.com.vn\/en\/product\/thung-carton\/\" \/>\n<meta property=\"og:locale\" content=\"en_US\" \/>\n<meta property=\"og:type\" content=\"article\" \/>\n<meta property=\"og:title\" content=\"Th\u00f9ng Carton\" \/>\n<meta property=\"og:description\" content=\"N\u00f3i v\u1ec1 th\u00f9ng carton l\u00e0 m\u1ed9t bao b\u00ec \u0111\u00f3ng g\u00f3i kh\u00f4ng th\u1ec3 thi\u1ebfu c\u1ee7a h\u1ea7u h\u1ebft t\u1ea5t c\u1ea3 doanh nghi\u1ec7p. Ch\u00fang t\u00f4i c\u00f3 th\u1ec3 s\u1ea3n xu\u1ea5t linh ho\u1ea1t v\u1ec1 k\u00edch th\u01b0\u1edbc, \u0111\u1ed9 d\u00e0y, \u0111\u1ecbnh l\u01b0\u1ee3ng gi\u1ea5y,...v\u00e0 t\u1ed1i \u01b0u h\u00f3a chi ph\u00ed \u0111\u1ec3 ph\u00f9 h\u1ee3p v\u1edbi m\u1ee5c \u0111\u00edch \u0111\u00f3ng g\u00f3i c\u1ee7a kh\u00e1ch h\u00e0ng.\" \/>\n<meta property=\"og:url\" content=\"https:\/\/seji.com.vn\/en\/product\/thung-carton\/\" \/>\n<meta property=\"og:site_name\" content=\"Seji\" \/>\n<meta property=\"article:modified_time\" content=\"2023-10-12T09:41:52+00:00\" \/>\n<meta property=\"og:image\" content=\"https:\/\/seji.com.vn\/wp-content\/uploads\/2023\/06\/thung-giay-2.png\" \/>\n\t<meta property=\"og:image:width\" content=\"637\" \/>\n\t<meta property=\"og:image:height\" content=\"360\" \/>\n\t<meta property=\"og:image:type\" content=\"image\/png\" \/>\n<meta name=\"twitter:card\" content=\"summary_large_image\" \/>\n<script type=\"application\/ld+json\" class=\"yoast-schema-graph\">{\"@context\":\"https:\/\/schema.org\",\"@graph\":[{\"@type\":\"WebPage\",\"@id\":\"https:\/\/seji.com.vn\/san-pham\/thung-carton\/\",\"url\":\"https:\/\/seji.com.vn\/san-pham\/thung-carton\/\",\"name\":\"Th\u00f9ng Carton - Seji\",\"isPartOf\":{\"@id\":\"https:\/\/seji.com.vn\/#website\"},\"datePublished\":\"2023-07-11T01:38:52+00:00\",\"dateModified\":\"2023-10-12T09:41:52+00:00\",\"breadcrumb\":{\"@id\":\"https:\/\/seji.com.vn\/san-pham\/thung-carton\/#breadcrumb\"},\"inLanguage\":\"en-US\",\"potentialAction\":[{\"@type\":\"ReadAction\",\"target\":[\"https:\/\/seji.com.vn\/san-pham\/thung-carton\/\"]}]},{\"@type\":\"BreadcrumbList\",\"@id\":\"https:\/\/seji.com.vn\/san-pham\/thung-carton\/#breadcrumb\",\"itemListElement\":[{\"@type\":\"ListItem\",\"position\":1,\"name\":\"Trang ch\u1ee7\",\"item\":\"https:\/\/seji.com.vn\/\"},{\"@type\":\"ListItem\",\"position\":2,\"name\":\"S\u1ea3n ph\u1ea9m\",\"item\":\"https:\/\/seji.com.vn\/san-pham\/\"},{\"@type\":\"ListItem\",\"position\":3,\"name\":\"Th\u00f9ng Carton\"}]},{\"@type\":\"WebSite\",\"@id\":\"https:\/\/seji.com.vn\/#website\",\"url\":\"https:\/\/seji.com.vn\/\",\"name\":\"Seji\",\"description\":\"\",\"potentialAction\":[{\"@type\":\"SearchAction\",\"target\":{\"@type\":\"EntryPoint\",\"urlTemplate\":\"https:\/\/seji.com.vn\/?s={search_term_string}\"},\"query-input\":\"required name=search_term_string\"}],\"inLanguage\":\"en-US\"}]}<\/script>\n<!-- \/ Yoast SEO Premium plugin. -->","yoast_head_json":{"title":"Th\u00f9ng Carton - Seji","robots":{"index":"index","follow":"follow","max-snippet":"max-snippet:-1","max-image-preview":"max-image-preview:large","max-video-preview":"max-video-preview:-1"},"canonical":"https:\/\/seji.com.vn\/en\/product\/thung-carton\/","og_locale":"en_US","og_type":"article","og_title":"Th\u00f9ng Carton","og_description":"N\u00f3i v\u1ec1 th\u00f9ng carton l\u00e0 m\u1ed9t bao b\u00ec \u0111\u00f3ng g\u00f3i kh\u00f4ng th\u1ec3 thi\u1ebfu c\u1ee7a h\u1ea7u h\u1ebft t\u1ea5t c\u1ea3 doanh nghi\u1ec7p. Ch\u00fang t\u00f4i c\u00f3 th\u1ec3 s\u1ea3n xu\u1ea5t linh ho\u1ea1t v\u1ec1 k\u00edch th\u01b0\u1edbc, \u0111\u1ed9 d\u00e0y, \u0111\u1ecbnh l\u01b0\u1ee3ng gi\u1ea5y,...v\u00e0 t\u1ed1i \u01b0u h\u00f3a chi ph\u00ed \u0111\u1ec3 ph\u00f9 h\u1ee3p v\u1edbi m\u1ee5c \u0111\u00edch \u0111\u00f3ng g\u00f3i c\u1ee7a kh\u00e1ch h\u00e0ng.","og_url":"https:\/\/seji.com.vn\/en\/product\/thung-carton\/","og_site_name":"Seji","article_modified_time":"2023-10-12T09:41:52+00:00","og_image":[{"width":637,"height":360,"url":"https:\/\/seji.com.vn\/wp-content\/uploads\/2023\/06\/thung-giay-2.png","type":"image\/png"}],"twitter_card":"summary_large_image","schema":{"@context":"https:\/\/schema.org","@graph":[{"@type":"WebPage","@id":"https:\/\/seji.com.vn\/san-pham\/thung-carton\/","url":"https:\/\/seji.com.vn\/san-pham\/thung-carton\/","name":"Th\u00f9ng Carton - Seji","isPartOf":{"@id":"https:\/\/seji.com.vn\/#website"},"datePublished":"2023-07-11T01:38:52+00:00","dateModified":"2023-10-12T09:41:52+00:00","breadcrumb":{"@id":"https:\/\/seji.com.vn\/san-pham\/thung-carton\/#breadcrumb"},"inLanguage":"en-US","potentialAction":[{"@type":"ReadAction","target":["https:\/\/seji.com.vn\/san-pham\/thung-carton\/"]}]},{"@type":"BreadcrumbList","@id":"https:\/\/seji.com.vn\/san-pham\/thung-carton\/#breadcrumb","itemListElement":[{"@type":"ListItem","position":1,"name":"Trang ch\u1ee7","item":"https:\/\/seji.com.vn\/"},{"@type":"ListItem","position":2,"name":"S\u1ea3n ph\u1ea9m","item":"https:\/\/seji.com.vn\/san-pham\/"},{"@type":"ListItem","position":3,"name":"Th\u00f9ng Carton"}]},{"@type":"WebSite","@id":"https:\/\/seji.com.vn\/#website","url":"https:\/\/seji.com.vn\/","name":"Seji","description":"","potentialAction":[{"@type":"SearchAction","target":{"@type":"EntryPoint","urlTemplate":"https:\/\/seji.com.vn\/?s={search_term_string}"},"query-input":"required name=search_term_string"}],"inLanguage":"en-US"}]}},"_links":{"self":[{"href":"https:\/\/seji.com.vn\/en\/wp-json\/wp\/v2\/product\/1892","targetHints":{"allow":["GET"]}}],"collection":[{"href":"https:\/\/seji.com.vn\/en\/wp-json\/wp\/v2\/product"}],"about":[{"href":"https:\/\/seji.com.vn\/en\/wp-json\/wp\/v2\/types\/product"}],"replies":[{"embeddable":true,"href":"https:\/\/seji.com.vn\/en\/wp-json\/wp\/v2\/comments?post=1892"}],"wp:featuredmedia":[{"embeddable":true,"href":"https:\/\/seji.com.vn\/en\/wp-json\/wp\/v2\/media\/1653"}],"wp:attachment":[{"href":"https:\/\/seji.com.vn\/en\/wp-json\/wp\/v2\/media?parent=1892"}],"wp:term":[{"taxonomy":"product_cat","embeddable":true,"href":"https:\/\/seji.com.vn\/en\/wp-json\/wp\/v2\/product_cat?post=1892"},{"taxonomy":"product_tag","embeddable":true,"href":"https:\/\/seji.com.vn\/en\/wp-json\/wp\/v2\/product_tag?post=1892"}],"curies":[{"name":"wp","href":"https:\/\/api.w.org\/{rel}","templated":true}]}}