{"id":1651,"date":"2023-06-20T02:18:25","date_gmt":"2023-06-20T02:18:25","guid":{"rendered":"http:\/\/seji.123websitedev.com\/?post_type=product&#038;p=1651"},"modified":"2023-10-13T17:01:07","modified_gmt":"2023-10-13T10:01:07","slug":"khay-nhua","status":"publish","type":"product","link":"https:\/\/seji.com.vn\/en\/product\/khay-nhua\/","title":{"rendered":"Plastic tray"},"content":{"rendered":"","protected":false},"excerpt":{"rendered":"<p>We have many types of plastic to meet customer needs, including 2 commonly used plastic materials: A PET and PP (opaque white PP and clear white PP).<\/p>\n<p>There are also anti-static products suitable for companies manufacturing electronic components and related products commonly used in industry.<\/p>","protected":false},"featured_media":2389,"comment_status":"open","ping_status":"closed","template":"","meta":[],"product_cat":[28,38,46,58,44],"product_tag":[],"class_list":["post-1651","product","type-product","status-publish","has-post-thumbnail","hentry","product_cat-bao-bi-dong-goi","product_cat-khay-nhua","product_cat-san-xuat","product_cat-san-xuat-khay-nhua","product_cat-thuong-mai"],"yoast_head":"<!-- This site is optimized with the Yoast SEO Premium plugin v19.2 (Yoast SEO v20.8) - https:\/\/yoast.com\/wordpress\/plugins\/seo\/ -->\n<title>Khay nh\u1ef1a - Seji<\/title>\n<meta name=\"robots\" content=\"index, follow, max-snippet:-1, max-image-preview:large, max-video-preview:-1\" \/>\n<link rel=\"canonical\" href=\"https:\/\/seji.com.vn\/en\/product\/khay-nhua\/\" \/>\n<meta property=\"og:locale\" content=\"en_US\" \/>\n<meta property=\"og:type\" content=\"article\" \/>\n<meta property=\"og:title\" content=\"Khay nh\u1ef1a\" \/>\n<meta property=\"og:description\" content=\"Ch\u00fang t\u00f4i c\u00f3 nhi\u1ec1u lo\u1ea1i nh\u1ef1a \u0111\u1ec3 \u0111\u00e1p \u1ee9ng nhu c\u1ea7u kh\u00e1ch h\u00e0ng, trong \u0111\u00f3 c\u00f3 2 NVL nh\u1ef1a s\u1eed d\u1ee5ng ph\u1ed5 bi\u1ebfn l\u00e0 A PET v\u00e0 PP ( PP tr\u1eafng \u0111\u1ee5c v\u00e0 PP tr\u1eafng trong)  Ngo\u00e0i ra c\u00f2n c\u00f3 ch\u1ed1ng t\u0129nh \u0111i\u1ec7n ph\u00f9 h\u1ee3p cho nh\u1eefng c\u00f4ng ty s\u1ea3n xu\u1ea5t linh ki\u1ec7n \u0111i\u1ec7n t\u1eed, c\u00e1c s\u1ea3n ph\u1ea9m li\u00ean quan hay \u0111\u01b0\u1ee3c s\u1eed d\u1ee5ng trong ng\u00e0nh c\u00f4ng nghi\u1ec7p\" \/>\n<meta property=\"og:url\" content=\"https:\/\/seji.com.vn\/en\/product\/khay-nhua\/\" \/>\n<meta property=\"og:site_name\" content=\"Seji\" \/>\n<meta property=\"article:modified_time\" content=\"2023-10-13T10:01:07+00:00\" \/>\n<meta property=\"og:image\" content=\"https:\/\/seji.com.vn\/wp-content\/uploads\/2023\/06\/khay-nhua-ps-7.jpg\" \/>\n\t<meta property=\"og:image:width\" content=\"1200\" \/>\n\t<meta property=\"og:image:height\" content=\"800\" \/>\n\t<meta property=\"og:image:type\" content=\"image\/jpeg\" \/>\n<meta name=\"twitter:card\" content=\"summary_large_image\" \/>\n<script type=\"application\/ld+json\" class=\"yoast-schema-graph\">{\"@context\":\"https:\/\/schema.org\",\"@graph\":[{\"@type\":\"WebPage\",\"@id\":\"https:\/\/seji.com.vn\/san-pham\/khay-nhua\/\",\"url\":\"https:\/\/seji.com.vn\/san-pham\/khay-nhua\/\",\"name\":\"Khay nh\u1ef1a - Seji\",\"isPartOf\":{\"@id\":\"https:\/\/seji.com.vn\/#website\"},\"datePublished\":\"2023-06-20T02:18:25+00:00\",\"dateModified\":\"2023-10-13T10:01:07+00:00\",\"breadcrumb\":{\"@id\":\"https:\/\/seji.com.vn\/san-pham\/khay-nhua\/#breadcrumb\"},\"inLanguage\":\"en-US\",\"potentialAction\":[{\"@type\":\"ReadAction\",\"target\":[\"https:\/\/seji.com.vn\/san-pham\/khay-nhua\/\"]}]},{\"@type\":\"BreadcrumbList\",\"@id\":\"https:\/\/seji.com.vn\/san-pham\/khay-nhua\/#breadcrumb\",\"itemListElement\":[{\"@type\":\"ListItem\",\"position\":1,\"name\":\"Trang ch\u1ee7\",\"item\":\"https:\/\/seji.com.vn\/\"},{\"@type\":\"ListItem\",\"position\":2,\"name\":\"S\u1ea3n ph\u1ea9m\",\"item\":\"https:\/\/seji.com.vn\/san-pham\/\"},{\"@type\":\"ListItem\",\"position\":3,\"name\":\"Khay nh\u1ef1a\"}]},{\"@type\":\"WebSite\",\"@id\":\"https:\/\/seji.com.vn\/#website\",\"url\":\"https:\/\/seji.com.vn\/\",\"name\":\"Seji\",\"description\":\"\",\"potentialAction\":[{\"@type\":\"SearchAction\",\"target\":{\"@type\":\"EntryPoint\",\"urlTemplate\":\"https:\/\/seji.com.vn\/?s={search_term_string}\"},\"query-input\":\"required name=search_term_string\"}],\"inLanguage\":\"en-US\"}]}<\/script>\n<!-- \/ Yoast SEO Premium plugin. -->","yoast_head_json":{"title":"Khay nh\u1ef1a - Seji","robots":{"index":"index","follow":"follow","max-snippet":"max-snippet:-1","max-image-preview":"max-image-preview:large","max-video-preview":"max-video-preview:-1"},"canonical":"https:\/\/seji.com.vn\/en\/product\/khay-nhua\/","og_locale":"en_US","og_type":"article","og_title":"Khay nh\u1ef1a","og_description":"Ch\u00fang t\u00f4i c\u00f3 nhi\u1ec1u lo\u1ea1i nh\u1ef1a \u0111\u1ec3 \u0111\u00e1p \u1ee9ng nhu c\u1ea7u kh\u00e1ch h\u00e0ng, trong \u0111\u00f3 c\u00f3 2 NVL nh\u1ef1a s\u1eed d\u1ee5ng ph\u1ed5 bi\u1ebfn l\u00e0 A PET v\u00e0 PP ( PP tr\u1eafng \u0111\u1ee5c v\u00e0 PP tr\u1eafng trong)  Ngo\u00e0i ra c\u00f2n c\u00f3 ch\u1ed1ng t\u0129nh \u0111i\u1ec7n ph\u00f9 h\u1ee3p cho nh\u1eefng c\u00f4ng ty s\u1ea3n xu\u1ea5t linh ki\u1ec7n \u0111i\u1ec7n t\u1eed, c\u00e1c s\u1ea3n ph\u1ea9m li\u00ean quan hay \u0111\u01b0\u1ee3c s\u1eed d\u1ee5ng trong ng\u00e0nh c\u00f4ng nghi\u1ec7p","og_url":"https:\/\/seji.com.vn\/en\/product\/khay-nhua\/","og_site_name":"Seji","article_modified_time":"2023-10-13T10:01:07+00:00","og_image":[{"width":1200,"height":800,"url":"https:\/\/seji.com.vn\/wp-content\/uploads\/2023\/06\/khay-nhua-ps-7.jpg","type":"image\/jpeg"}],"twitter_card":"summary_large_image","schema":{"@context":"https:\/\/schema.org","@graph":[{"@type":"WebPage","@id":"https:\/\/seji.com.vn\/san-pham\/khay-nhua\/","url":"https:\/\/seji.com.vn\/san-pham\/khay-nhua\/","name":"Khay nh\u1ef1a - Seji","isPartOf":{"@id":"https:\/\/seji.com.vn\/#website"},"datePublished":"2023-06-20T02:18:25+00:00","dateModified":"2023-10-13T10:01:07+00:00","breadcrumb":{"@id":"https:\/\/seji.com.vn\/san-pham\/khay-nhua\/#breadcrumb"},"inLanguage":"en-US","potentialAction":[{"@type":"ReadAction","target":["https:\/\/seji.com.vn\/san-pham\/khay-nhua\/"]}]},{"@type":"BreadcrumbList","@id":"https:\/\/seji.com.vn\/san-pham\/khay-nhua\/#breadcrumb","itemListElement":[{"@type":"ListItem","position":1,"name":"Trang ch\u1ee7","item":"https:\/\/seji.com.vn\/"},{"@type":"ListItem","position":2,"name":"S\u1ea3n ph\u1ea9m","item":"https:\/\/seji.com.vn\/san-pham\/"},{"@type":"ListItem","position":3,"name":"Khay nh\u1ef1a"}]},{"@type":"WebSite","@id":"https:\/\/seji.com.vn\/#website","url":"https:\/\/seji.com.vn\/","name":"Seji","description":"","potentialAction":[{"@type":"SearchAction","target":{"@type":"EntryPoint","urlTemplate":"https:\/\/seji.com.vn\/?s={search_term_string}"},"query-input":"required name=search_term_string"}],"inLanguage":"en-US"}]}},"_links":{"self":[{"href":"https:\/\/seji.com.vn\/en\/wp-json\/wp\/v2\/product\/1651","targetHints":{"allow":["GET"]}}],"collection":[{"href":"https:\/\/seji.com.vn\/en\/wp-json\/wp\/v2\/product"}],"about":[{"href":"https:\/\/seji.com.vn\/en\/wp-json\/wp\/v2\/types\/product"}],"replies":[{"embeddable":true,"href":"https:\/\/seji.com.vn\/en\/wp-json\/wp\/v2\/comments?post=1651"}],"wp:featuredmedia":[{"embeddable":true,"href":"https:\/\/seji.com.vn\/en\/wp-json\/wp\/v2\/media\/2389"}],"wp:attachment":[{"href":"https:\/\/seji.com.vn\/en\/wp-json\/wp\/v2\/media?parent=1651"}],"wp:term":[{"taxonomy":"product_cat","embeddable":true,"href":"https:\/\/seji.com.vn\/en\/wp-json\/wp\/v2\/product_cat?post=1651"},{"taxonomy":"product_tag","embeddable":true,"href":"https:\/\/seji.com.vn\/en\/wp-json\/wp\/v2\/product_tag?post=1651"}],"curies":[{"name":"wp","href":"https:\/\/api.w.org\/{rel}","templated":true}]}}