{"id":69,"date":"2022-01-13T08:30:22","date_gmt":"2022-01-13T08:30:22","guid":{"rendered":"https:\/\/demo.creativethemes.com\/blocksy\/floreo\/?page_id=69"},"modified":"2023-06-21T02:38:03","modified_gmt":"2023-06-21T02:38:03","slug":"san-pham","status":"publish","type":"page","link":"https:\/\/seji.com.vn\/en\/san-pham\/","title":{"rendered":"Product"},"content":{"rendered":"","protected":false},"excerpt":{"rendered":"","protected":false},"author":1,"featured_media":0,"parent":0,"menu_order":0,"comment_status":"closed","ping_status":"closed","template":"","meta":{"footnotes":""},"class_list":["post-69","page","type-page","status-publish","hentry"],"blocksy_meta":"","yoast_head":"<!-- This site is optimized with the Yoast SEO Premium plugin v19.2 (Yoast SEO v20.8) - https:\/\/yoast.com\/wordpress\/plugins\/seo\/ -->\n<title>S\u1ea3n ph\u1ea9m - Seji<\/title>\n<meta name=\"robots\" content=\"index, follow, max-snippet:-1, max-image-preview:large, max-video-preview:-1\" \/>\n<link rel=\"canonical\" href=\"https:\/\/seji.com.vn\/en\/product\/\" \/>\n<meta property=\"og:locale\" content=\"en_US\" \/>\n<meta property=\"og:type\" content=\"article\" \/>\n<meta property=\"og:title\" content=\"Seji\" \/>\n<meta property=\"og:description\" content=\"Seji t\u1ef1 nh\u1eadn th\u1ea5y l\u00e0 m\u1ed9t nh\u00e0 cung \u1ee9ng linh ho\u1ea1t, c\u00f3 th\u1ec3 t\u00ecm ki\u1ebfm v\u00e0 cung c\u1ea5p s\u1ea3n ph\u1ea9m \u0111\u1ea1t ch\u1ea5t l\u01b0\u1ee3ng v\u1edbi gi\u00e1 c\u1ea1nh tranh. \u0110\u1ec3 gi\u00fap cho kh\u00e1ch h\u00e0ng gi\u1ea3m l\u01b0\u1ee3ng t\u1ed3n kho theo chu\u1ed7i cung \u1ee9ng th\u00ec C\u00f4ng ty TNHH SEJI c\u00f3 d\u1ecbch v\u1ee5 Just In Time \u0111\u1ed3ng ngh\u0129a v\u1edbi vi\u1ec7c mua h\u00e0ng v\u00e0 giao h\u00e0ng li\u00ean t\u1ee5c v\u1edbi y\u00eau c\u1ea7u c\u1ee7a kh\u00e1ch h\u00e0ng \u0111\u01b0a ra. \u0110i\u1ec1u n\u00e0y l\u00e0m gi\u1ea3m l\u01b0\u1ee3ng l\u01b0u tr\u1eef ho\u1eb7c v\u1eadn chuy\u1ec3n v\u1eadt li\u1ec7u qu\u00e1 m\u1ee9c. Do \u0111\u00f3 gi\u1ea3m thi\u1ec3u thi\u1ec7t h\u1ea1i, m\u1ea5t m\u00e1t v\u00e0 chi ph\u00ed so v\u1edbi vi\u1ec7c kh\u00e1ch h\u00e0ng ph\u1ea3i mua tr\u1ef1c ti\u1ebfp c\u00e1c nguy\u00ean v\u1eadt li\u1ec7u t\u1eeb nh\u00e0 cung c\u1ea5p.\" \/>\n<meta property=\"og:url\" content=\"https:\/\/seji.com.vn\/en\/product\/\" \/>\n<meta property=\"og:site_name\" content=\"Seji\" \/>\n<meta property=\"article:modified_time\" content=\"2023-06-21T02:38:03+00:00\" \/>\n<meta property=\"og:image\" content=\"https:\/\/seji.com.vn\/wp-content\/uploads\/2023\/06\/image-zalo-face-share.jpg\" \/>\n\t<meta property=\"og:image:width\" content=\"1200\" \/>\n\t<meta property=\"og:image:height\" content=\"630\" \/>\n\t<meta property=\"og:image:type\" content=\"image\/jpeg\" \/>\n<meta name=\"twitter:card\" content=\"summary_large_image\" \/>\n<meta name=\"twitter:title\" content=\"S\u1ea3n ph\u1ea9m\" \/>\n<script type=\"application\/ld+json\" class=\"yoast-schema-graph\">{\"@context\":\"https:\/\/schema.org\",\"@graph\":[{\"@type\":\"WebPage\",\"@id\":\"https:\/\/seji.com.vn\/san-pham\/\",\"url\":\"https:\/\/seji.com.vn\/san-pham\/\",\"name\":\"S\u1ea3n ph\u1ea9m - Seji\",\"isPartOf\":{\"@id\":\"https:\/\/seji.com.vn\/#website\"},\"datePublished\":\"2022-01-13T08:30:22+00:00\",\"dateModified\":\"2023-06-21T02:38:03+00:00\",\"breadcrumb\":{\"@id\":\"https:\/\/seji.com.vn\/san-pham\/#breadcrumb\"},\"inLanguage\":\"en-US\",\"potentialAction\":[{\"@type\":\"ReadAction\",\"target\":[\"https:\/\/seji.com.vn\/san-pham\/\"]}]},{\"@type\":\"BreadcrumbList\",\"@id\":\"https:\/\/seji.com.vn\/san-pham\/#breadcrumb\",\"itemListElement\":[{\"@type\":\"ListItem\",\"position\":1,\"name\":\"Trang ch\u1ee7\",\"item\":\"https:\/\/seji.com.vn\/\"},{\"@type\":\"ListItem\",\"position\":2,\"name\":\"S\u1ea3n ph\u1ea9m\"}]},{\"@type\":\"WebSite\",\"@id\":\"https:\/\/seji.com.vn\/#website\",\"url\":\"https:\/\/seji.com.vn\/\",\"name\":\"Seji\",\"description\":\"\",\"potentialAction\":[{\"@type\":\"SearchAction\",\"target\":{\"@type\":\"EntryPoint\",\"urlTemplate\":\"https:\/\/seji.com.vn\/?s={search_term_string}\"},\"query-input\":\"required name=search_term_string\"}],\"inLanguage\":\"en-US\"}]}<\/script>\n<!-- \/ Yoast SEO Premium plugin. -->","yoast_head_json":{"title":"S\u1ea3n ph\u1ea9m - Seji","robots":{"index":"index","follow":"follow","max-snippet":"max-snippet:-1","max-image-preview":"max-image-preview:large","max-video-preview":"max-video-preview:-1"},"canonical":"https:\/\/seji.com.vn\/en\/product\/","og_locale":"en_US","og_type":"article","og_title":"Seji","og_description":"Seji t\u1ef1 nh\u1eadn th\u1ea5y l\u00e0 m\u1ed9t nh\u00e0 cung \u1ee9ng linh ho\u1ea1t, c\u00f3 th\u1ec3 t\u00ecm ki\u1ebfm v\u00e0 cung c\u1ea5p s\u1ea3n ph\u1ea9m \u0111\u1ea1t ch\u1ea5t l\u01b0\u1ee3ng v\u1edbi gi\u00e1 c\u1ea1nh tranh. \u0110\u1ec3 gi\u00fap cho kh\u00e1ch h\u00e0ng gi\u1ea3m l\u01b0\u1ee3ng t\u1ed3n kho theo chu\u1ed7i cung \u1ee9ng th\u00ec C\u00f4ng ty TNHH SEJI c\u00f3 d\u1ecbch v\u1ee5 Just In Time \u0111\u1ed3ng ngh\u0129a v\u1edbi vi\u1ec7c mua h\u00e0ng v\u00e0 giao h\u00e0ng li\u00ean t\u1ee5c v\u1edbi y\u00eau c\u1ea7u c\u1ee7a kh\u00e1ch h\u00e0ng \u0111\u01b0a ra. \u0110i\u1ec1u n\u00e0y l\u00e0m gi\u1ea3m l\u01b0\u1ee3ng l\u01b0u tr\u1eef ho\u1eb7c v\u1eadn chuy\u1ec3n v\u1eadt li\u1ec7u qu\u00e1 m\u1ee9c. Do \u0111\u00f3 gi\u1ea3m thi\u1ec3u thi\u1ec7t h\u1ea1i, m\u1ea5t m\u00e1t v\u00e0 chi ph\u00ed so v\u1edbi vi\u1ec7c kh\u00e1ch h\u00e0ng ph\u1ea3i mua tr\u1ef1c ti\u1ebfp c\u00e1c nguy\u00ean v\u1eadt li\u1ec7u t\u1eeb nh\u00e0 cung c\u1ea5p.","og_url":"https:\/\/seji.com.vn\/en\/product\/","og_site_name":"Seji","article_modified_time":"2023-06-21T02:38:03+00:00","og_image":[{"width":1200,"height":630,"url":"https:\/\/seji.com.vn\/wp-content\/uploads\/2023\/06\/image-zalo-face-share.jpg","type":"image\/jpeg"}],"twitter_card":"summary_large_image","twitter_title":"S\u1ea3n ph\u1ea9m","schema":{"@context":"https:\/\/schema.org","@graph":[{"@type":"WebPage","@id":"https:\/\/seji.com.vn\/san-pham\/","url":"https:\/\/seji.com.vn\/san-pham\/","name":"S\u1ea3n ph\u1ea9m - Seji","isPartOf":{"@id":"https:\/\/seji.com.vn\/#website"},"datePublished":"2022-01-13T08:30:22+00:00","dateModified":"2023-06-21T02:38:03+00:00","breadcrumb":{"@id":"https:\/\/seji.com.vn\/san-pham\/#breadcrumb"},"inLanguage":"en-US","potentialAction":[{"@type":"ReadAction","target":["https:\/\/seji.com.vn\/san-pham\/"]}]},{"@type":"BreadcrumbList","@id":"https:\/\/seji.com.vn\/san-pham\/#breadcrumb","itemListElement":[{"@type":"ListItem","position":1,"name":"Trang ch\u1ee7","item":"https:\/\/seji.com.vn\/"},{"@type":"ListItem","position":2,"name":"S\u1ea3n ph\u1ea9m"}]},{"@type":"WebSite","@id":"https:\/\/seji.com.vn\/#website","url":"https:\/\/seji.com.vn\/","name":"Seji","description":"","potentialAction":[{"@type":"SearchAction","target":{"@type":"EntryPoint","urlTemplate":"https:\/\/seji.com.vn\/?s={search_term_string}"},"query-input":"required name=search_term_string"}],"inLanguage":"en-US"}]}},"_links":{"self":[{"href":"https:\/\/seji.com.vn\/en\/wp-json\/wp\/v2\/pages\/69","targetHints":{"allow":["GET"]}}],"collection":[{"href":"https:\/\/seji.com.vn\/en\/wp-json\/wp\/v2\/pages"}],"about":[{"href":"https:\/\/seji.com.vn\/en\/wp-json\/wp\/v2\/types\/page"}],"author":[{"embeddable":true,"href":"https:\/\/seji.com.vn\/en\/wp-json\/wp\/v2\/users\/1"}],"replies":[{"embeddable":true,"href":"https:\/\/seji.com.vn\/en\/wp-json\/wp\/v2\/comments?post=69"}],"version-history":[{"count":0,"href":"https:\/\/seji.com.vn\/en\/wp-json\/wp\/v2\/pages\/69\/revisions"}],"wp:attachment":[{"href":"https:\/\/seji.com.vn\/en\/wp-json\/wp\/v2\/media?parent=69"}],"curies":[{"name":"wp","href":"https:\/\/api.w.org\/{rel}","templated":true}]}}